{"id":137,"date":"2019-06-29T11:32:05","date_gmt":"2019-06-29T09:32:05","guid":{"rendered":"http:\/\/lesptitskipik.fr\/?page_id=137"},"modified":"2019-06-29T11:32:05","modified_gmt":"2019-06-29T09:32:05","slug":"petit-guide-pratique-du-herisson","status":"publish","type":"page","link":"https:\/\/millepiquants.fr\/index.php\/petit-guide-pratique-du-herisson\/","title":{"rendered":"Petit Guide Pratique du H\u00e9risson"},"content":{"rendered":"\n<p class=\"has-large-font-size\"><strong>Petit Guide Pratique du H\u00e9risson<\/strong><\/p>\n\n\n<p class=\"has-text-align-right\"><a href=\"http:\/\/lesptitskipik.fr\/wp-content\/uploads\/2019\/11\/plaquette-h\u00e9rissons-nb-2020.pdf\" target=\"_blank\" rel=\"noreferrer noopener\" aria-label=\"version t\u00e9l\u00e9chargeab (opens in a new tab)\">version t\u00e9l\u00e9chargeab<\/a><a href=\"http:\/\/lesptitskipik.fr\/wp-content\/uploads\/2019\/11\/plaquette-h\u00e9rissons-nb-2020.pdf\">le<\/a><\/p>\n\n\n<figure class=\"wp-block-image is-resized\"><img loading=\"lazy\" decoding=\"async\" src=\"http:\/\/lesptitskipik.fr\/wp-content\/uploads\/2019\/06\/GuideHerisson1.png\" alt=\"\" class=\"wp-image-144\" width=\"120\" height=\"120\" srcset=\"https:\/\/millepiquants.fr\/wp-content\/uploads\/2019\/06\/GuideHerisson1.png 240w, https:\/\/millepiquants.fr\/wp-content\/uploads\/2019\/06\/GuideHerisson1-150x150.png 150w\" sizes=\"auto, (max-width: 120px) 100vw, 120px\" \/><\/figure>\n\n\n<p><strong>Le h\u00e9risson est l\u2019h\u00f4te de nos jardins depuis toujours.<\/strong><br \/>C\u2019est un pr\u00e9cieux <strong>auxiliaire des jardiniers<\/strong>, car il mange tous les ravageurs du potager (larves, escargots, insectes, vers\u2026)<br \/><strong>Prot\u00e9g\u00e9 par la loi depuis 1981<\/strong>, il reste pourtant mal connu du grand public et il est malheureusement facile de lui nuire par accident ou ignorance.<br \/><strong>Ensemble, nous pouvons l\u2019aider et lui faciliter la vie.<\/strong><br \/><strong>Le prot\u00e9ger, c\u2019est prot\u00e9ger la nature juste \u00e0 notre porte&nbsp;!<\/strong><br \/>Vous trouverez ici quelques conseils simples et des informations de base \u00e0  appliquer sans r\u00e9serve et \u00e0 diffuser largement autour de vous.<br \/>De nombreuses associations et organismes de protection de la faune sauvage existent, n\u2019h\u00e9sitez pas \u00e0 les contacter&nbsp;!<\/p>\n\n\n<p class=\"has-large-font-size\"><strong>Qui est le h\u00e9risson&nbsp;?<\/strong><img loading=\"lazy\" decoding=\"async\" width=\"75\" height=\"75\" class=\"wp-image-155\" style=\"width: 75px;\" src=\"http:\/\/lesptitskipik.fr\/wp-content\/uploads\/2019\/06\/GuideHerisson2.jpg\" alt=\"\" srcset=\"https:\/\/millepiquants.fr\/wp-content\/uploads\/2019\/06\/GuideHerisson2.jpg 224w, https:\/\/millepiquants.fr\/wp-content\/uploads\/2019\/06\/GuideHerisson2-150x150.jpg 150w\" sizes=\"auto, (max-width: 75px) 100vw, 75px\" \/><\/p>\n\n\n<p><strong>Nom scientifique\u00a0:<\/strong> Erinaceus Europeaus<br \/><strong>Classification\u00a0:<\/strong> Mammif\u00e8re<br \/><strong>Alimentation\u00a0:<\/strong> insectivore, \u00e0 tendance omnivore <br \/><strong>Taille moyenne adulte\u00a0:<\/strong> 20 \u00e0 30 cm de long <br \/><strong>Poids moyen adulte\u00a0:<\/strong> de 800gr \u00e0 1,5kg<br \/><strong>Dur\u00e9e de vie\u00a0: <\/strong>7 \u00e0 10 ans, mais en moyenne 2 \u00e0 3 ans<br \/><strong>Gestation\u00a0:<\/strong> 32 \u00e0 36 jours<br \/><strong>Nombre de petits par port\u00e9e\u00a0: <\/strong>2 \u00e0 7 b\u00e9b\u00e9s, parfois 2 fois par an.<br \/>Le h\u00e9risson est adulte \u00e0 partir de 9 mois. Strictement nocturne, il ne sort de jour que s\u2019il y est forc\u00e9. Il peut rev\u00eatir une grande vari\u00e9t\u00e9 de couleurs allant du blanc au brun tr\u00e8s fonc\u00e9, avec des oreilles plus ou moins grandes, et un museau plus ou moins fin.<br \/><strong>C\u2019est un animal qui hiberne durant l\u2019hiver.<\/strong><br \/><strong>Auto-lubrification :<\/strong> on voit parfois le h\u00e9risson baver et se l\u00e9cher le dos et les flancs. Il s\u2019agit d\u2019un comportement curieux mais normal.<br \/><strong>Moyen de d\u00e9fense\u00a0:<\/strong> se met en boule et h\u00e9risse ses piquants.<br \/><strong>Statut\u00a0:<\/strong> C\u2019est un animal sauvage prot\u00e9g\u00e9, et bien qu\u2019il puisse se montrer familier, il ne faut pas chercher \u00e0 l\u2019apprivoiser.<\/p>\n\n\n<p class=\"has-large-font-size\"><strong>Le cycle du h\u00e9risson sur l&rsquo;ann\u00e9e. <\/strong><\/p>\n\n\n<div class=\"wp-block-image\"><figure class=\"aligncenter size-large is-resized\"><img loading=\"lazy\" decoding=\"async\" src=\"http:\/\/lesptitskipik.fr\/wp-content\/uploads\/2020\/01\/Hedgehog-Cycle.jpg\" alt=\"\" class=\"wp-image-1499\" width=\"480\" height=\"480\" srcset=\"https:\/\/millepiquants.fr\/wp-content\/uploads\/2020\/01\/Hedgehog-Cycle.jpg 960w, https:\/\/millepiquants.fr\/wp-content\/uploads\/2020\/01\/Hedgehog-Cycle-300x300.jpg 300w, https:\/\/millepiquants.fr\/wp-content\/uploads\/2020\/01\/Hedgehog-Cycle-150x150.jpg 150w, https:\/\/millepiquants.fr\/wp-content\/uploads\/2020\/01\/Hedgehog-Cycle-768x768.jpg 768w\" sizes=\"auto, (max-width: 480px) 100vw, 480px\" \/><\/figure><\/div>\n\n\n<p class=\"has-large-font-size\"><strong>Comment aider les h\u00e9rissons ?<\/strong><img loading=\"lazy\" decoding=\"async\" width=\"70\" height=\"75\" class=\"wp-image-159\" style=\"width: 70px;\" src=\"http:\/\/lesptitskipik.fr\/wp-content\/uploads\/2019\/06\/GuideHerisson3.png\" alt=\"\"><\/p>\n\n\n<p><strong>En favorisant leur pr\u00e9sence dans nos jardins<\/strong><\/p>\n\n\n<ul class=\"wp-block-list\"><li>Laisser quelques passages (12x12cm suffisent) au pied des cl\u00f4tures entre les jardins pour qu\u2019il puisse circuler (mais pas du c\u00f4t\u00e9 de la route&nbsp;!)<\/li><li>Pr\u00e9server les haies et les buissons<\/li><li>Laisser 1m de v\u00e9g\u00e9tation \u00e0 l\u2019aplomb des murs<\/li><li>Laisser des feuilles mortes pour que le h\u00e9risson puisse se construire un nid<\/li><li>Un jardin trop propre ou trop nettoy\u00e9 ne lui conviendra pas&nbsp;: laisser des coins sauvages dans le jardin<\/li><li>Un tas de compost est une source de nourriture (insectes et vers)<\/li><li>Un tas de bois abandonn\u00e9 ou de branchages est un paradis pour lui<\/li><li>Construire un petit abri \u00e0 partir d\u2019une caisse \u00e0 vin en bois dans un coin tranquille du jardin, \u00e0 l\u2019ombre. A placer sous un buisson ou sous une haie, bien abrit\u00e9.<\/li><li>Laisser en permanence un point d\u2019eau fraiche et propre<\/li><\/ul>\n\n\n<p><strong>En lui proposant de la nourriture<\/strong> <img loading=\"lazy\" decoding=\"async\" width=\"75\" height=\"75\" class=\"wp-image-170\" style=\"width: 75px;\" src=\"http:\/\/lesptitskipik.fr\/wp-content\/uploads\/2019\/06\/GuideHerisson4.jpg\" alt=\"\" srcset=\"https:\/\/millepiquants.fr\/wp-content\/uploads\/2019\/06\/GuideHerisson4.jpg 220w, https:\/\/millepiquants.fr\/wp-content\/uploads\/2019\/06\/GuideHerisson4-150x150.jpg 150w\" sizes=\"auto, (max-width: 75px) 100vw, 75px\" \/><\/p>\n\n\n<ul class=\"wp-block-list\"><li>Des croquettes pour chat <\/li><li>P\u00e2t\u00e9 pour chat<\/li><li>Restes carn\u00e9s<br \/><\/li><\/ul>\n\n\n<p>Et en compl\u00e9ment de temps en temps<\/p>\n\n\n<ul class=\"wp-block-list\"><li>Des fruits (poire, pomme, banane, melon, prune\u2026)<\/li><li>Steack hach\u00e9, poulet, lardons, jambon<\/li><li>\u0152uf, fromage de ch\u00e8vre frais (type Chavrou) <\/li><\/ul>\n\n\n<p class=\"has-text-color has-vivid-red-color\"><strong>Attention&nbsp;! Jamais de pain ni de lait de vache&nbsp;!!!<\/strong> <img loading=\"lazy\" decoding=\"async\" width=\"61\" height=\"66\" class=\"wp-image-176\" style=\"width: 61px;\" src=\"http:\/\/lesptitskipik.fr\/wp-content\/uploads\/2019\/06\/GuideHerisson5.png\" alt=\"\"><\/p>\n\n\n<p>Le h\u00e9risson a besoin de boire&nbsp;: un point d\u2019eau fra\u00eeche sera toujours le bienvenu, dans un r\u00e9cipient lourd et bas. <\/p>\n\n\n<p><strong>Mais ce dont le h\u00e9risson a le plus besoin, c\u2019est de calme et de tranquillit\u00e9&nbsp;!<\/strong><\/p>\n\n\n<p class=\"has-large-font-size\"><strong>Les erreurs et pi\u00e8ges \u00e0 \u00e9viter<\/strong><img loading=\"lazy\" decoding=\"async\" width=\"70\" height=\"75\" class=\"wp-image-194\" style=\"width: 70px;\" src=\"http:\/\/lesptitskipik.fr\/wp-content\/uploads\/2019\/06\/GuideHerisson6.png\" alt=\"\"><\/p>\n\n\n<ul class=\"wp-block-list\"><li><strong>Jamais de lait de vache<\/strong> ni de pain&nbsp;: Le h\u00e9risson ne les dig\u00e8re pas. Risque de diarrh\u00e9es mortelles.<\/li><li>Pas de lait de la marque TVM (m\u00eame si conseill\u00e9 par un v\u00e9t\u00e9rinaire). Les h\u00e9rissons ne le dig\u00e8rent pas non plus.<\/li><li>Pas de pesticides, d\u00e9sherbant, tue limace (m\u00eame le Ferramol), mort au rat ou autre produit chimique.<\/li><li>Attention aux bassins, trous, piscines dans lesquels il pourrait tomber. Pr\u00e9voir une planchette ou un grillage pour l\u2019aider \u00e0 en sortir.<\/li><li>Attention en passant la tondeuse ou d\u00e9broussailleuse.<\/li><li>Attention avec le coupe-bordure et la fourche.<\/li><li>Avant de br\u00fbler un tas de branches ou de feuilles, v\u00e9rifier qu\u2019il n\u2019y a pas de nid de h\u00e9rissons dessous.<\/li><li>Attention aux filets de protection des cultures&nbsp;: les h\u00e9rissons s\u2019emm\u00e8lent dedans et meurent prisonniers.<\/li><li>Attention \u00e0 vos abris de jardin&nbsp;: un h\u00e9risson ou un autre animal peut s\u2019y \u00eatre cach\u00e9 et y rester enferm\u00e9.<\/li><li>Attention aux soupiraux&nbsp;: mettez une grille devant afin qu\u2019un animal n\u2019y tombe pas.<\/li><li>Attention \u00e0 votre chien qui voudrait \u00ab&nbsp;jouer&nbsp;\u00bb avec et qui peut lui causer des blessures mortelles.<\/li><li>Ne jamais d\u00e9ranger un nid ou toucher les petits \u00e0 main nue&nbsp;: en cas de stress, la m\u00e8re peut manger ses petits ou les abandonner.<\/li><li>Si vous d\u00e9rangez accidentellement un nid avec la m\u00e8re et des b\u00e9b\u00e9s, emp\u00eachez imm\u00e9diatement la m\u00e8re de s\u2019enfuir, et si c\u2019est possible, refaites le nid comme vous pouvez, sans toucher aux b\u00e9b\u00e9s. Si le nid a \u00e9t\u00e9 compl\u00e8tement d\u00e9truit ou que la m\u00e8re s\u2019est enfuie, prenez toute la famille dans un carton et contactez un centre de sauvegarde ou le Sanctuaire des h\u00e9rissons.<\/li><li>Ne jamais d\u00e9placer un h\u00e9risson en bonne sant\u00e9&nbsp;: il peut s\u2019agir d\u2019une femelle qui allaite, et si vous la d\u00e9placez, vous condamnez la port\u00e9e enti\u00e8re.<\/li><\/ul>\n\n\n<p class=\"has-large-font-size\"><strong>Mod\u00e8les d\u2019Abris<\/strong><\/p>\n\n\n<p>Nous avons beaucoup de mod\u00e8les.  Cliquez sur l&rsquo;image pour en savoir plus.<\/p>\n\n\n<figure class=\"wp-block-image is-resized\"><a href=\"http:\/\/lesptitskipik.fr\/index.php\/modeles-dabris\/\"><img loading=\"lazy\" decoding=\"async\" src=\"http:\/\/lesptitskipik.fr\/wp-content\/uploads\/2019\/07\/10-1024x682.jpg\" alt=\"\" class=\"wp-image-401\" width=\"256\" height=\"171\"\/><\/a><\/figure>\n\n\n<p class=\"has-large-font-size\"><strong>Mod\u00e8les de Restos<\/strong><\/p>\n\n\n<p>Nous avons beaucoup de mod\u00e8les.  Cliquez sur l&rsquo;image pour en savoir plus.<\/p>\n\n\n<figure class=\"wp-block-image is-resized\"><a href=\"http:\/\/lesptitskipik.fr\/index.php\/modeles-de-restos\/\"><img loading=\"lazy\" decoding=\"async\" src=\"http:\/\/lesptitskipik.fr\/wp-content\/uploads\/2019\/07\/28.jpg\" alt=\"\" class=\"wp-image-483\" width=\"288\" height=\"326\" srcset=\"https:\/\/millepiquants.fr\/wp-content\/uploads\/2019\/07\/28.jpg 576w, https:\/\/millepiquants.fr\/wp-content\/uploads\/2019\/07\/28-265x300.jpg 265w\" sizes=\"auto, (max-width: 288px) 100vw, 288px\" \/><\/a><\/figure>\n\n\n<p class=\"has-large-font-size\"><strong>Textes de loi de protection du h\u00e9risson<\/strong><img loading=\"lazy\" decoding=\"async\" width=\"75\" height=\"65\" class=\"wp-image-198\" style=\"width: 75px;\" src=\"http:\/\/lesptitskipik.fr\/wp-content\/uploads\/2019\/06\/GuideHerisson7.jpg\" alt=\"\"><\/p>\n\n\n<p><em>Le h\u00e9risson b\u00e9n\u00e9ficie d&rsquo;une protection totale sur tout le territoire fran\u00e7ais depuis l&rsquo;arr\u00eat\u00e9 national du 17 avril 1981 <\/em><br \/><em>(JO du 19\/05\/1981), et du 23\/04\/2007 (JO du 10\/05\/2007).<\/em><br \/><br \/><em>\u00ab\u2008Sont interdits sur tout le territoire m\u00e9tropolitain et en tout temps la destruction, la mutilation, la capture ou l\u2019enl\u00e8vement, la perturbation intentionnelle des animaux (dont le h\u00e9risson) dans le milieu naturel. \u00bb <\/em><br \/><em>(Convention de Berne)<\/em><br \/><br \/><em>\u00ab\u2008Sont interdits sur tout le territoire national et en tout temps la d\u00e9tention, le transport, la naturalisation, le colportage, la mise en vente, la vente ou l\u2019achat, l\u2019utilisation commerciale ou non, des sp\u00e9cimens de mammif\u00e8res pr\u00e9lev\u00e9s. \u00bb  <\/em><br \/>(R\u00e8glement europ\u00e9en n\u00b0338 de 1997)<\/p>\n\n\n<figure class=\"wp-block-image\"><img loading=\"lazy\" decoding=\"async\" width=\"140\" height=\"150\" src=\"http:\/\/lesptitskipik.fr\/wp-content\/uploads\/2019\/06\/GuideHerisson9.png\" alt=\"\" class=\"wp-image-206\"\/><\/figure>\n","protected":false},"excerpt":{"rendered":"<p>Petit Guide Pratique du H\u00e9risson version t\u00e9l\u00e9chargeable Le h\u00e9risson est l\u2019h\u00f4te de nos jardins depuis toujours.C\u2019est un pr\u00e9cieux auxiliaire des jardiniers, car il mange tous les ravageurs du potager (larves, escargots, insectes, vers\u2026)Prot\u00e9g\u00e9 par la loi depuis 1981, il reste pourtant mal connu du grand public et il est malheureusement facile de lui nuire par [&hellip;]<\/p>\n","protected":false},"author":1,"featured_media":0,"parent":0,"menu_order":0,"comment_status":"closed","ping_status":"closed","template":"","meta":{"_monsterinsights_skip_tracking":false,"_monsterinsights_sitenote_active":false,"_monsterinsights_sitenote_note":"","_monsterinsights_sitenote_category":0,"footnotes":""},"class_list":["post-137","page","type-page","status-publish","hentry","wpbf-post"],"yoast_head":"<!-- This site is optimized with the Yoast SEO plugin v24.3 - https:\/\/yoast.com\/wordpress\/plugins\/seo\/ -->\n<title>Petit Guide Pratique du H\u00e9risson - Mille Piquants<\/title>\n<meta name=\"description\" content=\"Petit Guide Pratique du H\u00e9risson\" \/>\n<meta name=\"robots\" content=\"index, follow, max-snippet:-1, max-image-preview:large, max-video-preview:-1\" \/>\n<link rel=\"canonical\" href=\"https:\/\/millepiquants.fr\/index.php\/petit-guide-pratique-du-herisson\/\" \/>\n<meta property=\"og:locale\" content=\"fr_FR\" \/>\n<meta property=\"og:type\" content=\"article\" \/>\n<meta property=\"og:title\" content=\"Petit Guide Pratique du H\u00e9risson - Mille Piquants\" \/>\n<meta property=\"og:description\" content=\"Petit Guide Pratique du H\u00e9risson\" \/>\n<meta property=\"og:url\" content=\"https:\/\/millepiquants.fr\/index.php\/petit-guide-pratique-du-herisson\/\" \/>\n<meta property=\"og:site_name\" content=\"Mille Piquants\" \/>\n<meta property=\"og:image\" content=\"http:\/\/lesptitskipik.fr\/wp-content\/uploads\/2019\/06\/GuideHerisson1.png\" \/>\n<meta name=\"twitter:card\" content=\"summary_large_image\" \/>\n<meta name=\"twitter:label1\" content=\"Dur\u00e9e de lecture estim\u00e9e\" \/>\n\t<meta name=\"twitter:data1\" content=\"5 minutes\" \/>\n<script type=\"application\/ld+json\" class=\"yoast-schema-graph\">{\"@context\":\"https:\/\/schema.org\",\"@graph\":[{\"@type\":\"WebPage\",\"@id\":\"https:\/\/millepiquants.fr\/index.php\/petit-guide-pratique-du-herisson\/\",\"url\":\"https:\/\/millepiquants.fr\/index.php\/petit-guide-pratique-du-herisson\/\",\"name\":\"Petit Guide Pratique du H\u00e9risson - Mille Piquants\",\"isPartOf\":{\"@id\":\"https:\/\/millepiquants.fr\/#website\"},\"primaryImageOfPage\":{\"@id\":\"https:\/\/millepiquants.fr\/index.php\/petit-guide-pratique-du-herisson\/#primaryimage\"},\"image\":{\"@id\":\"https:\/\/millepiquants.fr\/index.php\/petit-guide-pratique-du-herisson\/#primaryimage\"},\"thumbnailUrl\":\"http:\/\/lesptitskipik.fr\/wp-content\/uploads\/2019\/06\/GuideHerisson1.png\",\"datePublished\":\"2019-06-29T09:32:05+00:00\",\"dateModified\":\"2019-06-29T09:32:05+00:00\",\"description\":\"Petit Guide Pratique du H\u00e9risson\",\"breadcrumb\":{\"@id\":\"https:\/\/millepiquants.fr\/index.php\/petit-guide-pratique-du-herisson\/#breadcrumb\"},\"inLanguage\":\"fr-FR\",\"potentialAction\":[{\"@type\":\"ReadAction\",\"target\":[\"https:\/\/millepiquants.fr\/index.php\/petit-guide-pratique-du-herisson\/\"]}]},{\"@type\":\"ImageObject\",\"inLanguage\":\"fr-FR\",\"@id\":\"https:\/\/millepiquants.fr\/index.php\/petit-guide-pratique-du-herisson\/#primaryimage\",\"url\":\"http:\/\/lesptitskipik.fr\/wp-content\/uploads\/2019\/06\/GuideHerisson1.png\",\"contentUrl\":\"http:\/\/lesptitskipik.fr\/wp-content\/uploads\/2019\/06\/GuideHerisson1.png\"},{\"@type\":\"BreadcrumbList\",\"@id\":\"https:\/\/millepiquants.fr\/index.php\/petit-guide-pratique-du-herisson\/#breadcrumb\",\"itemListElement\":[{\"@type\":\"ListItem\",\"position\":1,\"name\":\"Home\",\"item\":\"https:\/\/millepiquants.fr\/\"},{\"@type\":\"ListItem\",\"position\":2,\"name\":\"Petit Guide Pratique du H\u00e9risson\"}]},{\"@type\":\"WebSite\",\"@id\":\"https:\/\/millepiquants.fr\/#website\",\"url\":\"https:\/\/millepiquants.fr\/\",\"name\":\"Mille Piquants\",\"description\":\"Un centre de sauvegarde sp\u00e9cifique herrissons, dans l&#039;Essonne (91)\",\"publisher\":{\"@id\":\"https:\/\/millepiquants.fr\/#organization\"},\"potentialAction\":[{\"@type\":\"SearchAction\",\"target\":{\"@type\":\"EntryPoint\",\"urlTemplate\":\"https:\/\/millepiquants.fr\/?s={search_term_string}\"},\"query-input\":{\"@type\":\"PropertyValueSpecification\",\"valueRequired\":true,\"valueName\":\"search_term_string\"}}],\"inLanguage\":\"fr-FR\"},{\"@type\":\"Organization\",\"@id\":\"https:\/\/millepiquants.fr\/#organization\",\"name\":\"Mille Piquants\",\"url\":\"https:\/\/millepiquants.fr\/\",\"logo\":{\"@type\":\"ImageObject\",\"inLanguage\":\"fr-FR\",\"@id\":\"https:\/\/millepiquants.fr\/#\/schema\/logo\/image\/\",\"url\":\"http:\/\/millepiquants.fr\/wp-content\/uploads\/2021\/08\/Marjo-Original18-190x190-trans.png\",\"contentUrl\":\"http:\/\/millepiquants.fr\/wp-content\/uploads\/2021\/08\/Marjo-Original18-190x190-trans.png\",\"width\":190,\"height\":190,\"caption\":\"Mille Piquants\"},\"image\":{\"@id\":\"https:\/\/millepiquants.fr\/#\/schema\/logo\/image\/\"}}]}<\/script>\n<!-- \/ Yoast SEO plugin. -->","yoast_head_json":{"title":"Petit Guide Pratique du H\u00e9risson - Mille Piquants","description":"Petit Guide Pratique du H\u00e9risson","robots":{"index":"index","follow":"follow","max-snippet":"max-snippet:-1","max-image-preview":"max-image-preview:large","max-video-preview":"max-video-preview:-1"},"canonical":"https:\/\/millepiquants.fr\/index.php\/petit-guide-pratique-du-herisson\/","og_locale":"fr_FR","og_type":"article","og_title":"Petit Guide Pratique du H\u00e9risson - Mille Piquants","og_description":"Petit Guide Pratique du H\u00e9risson","og_url":"https:\/\/millepiquants.fr\/index.php\/petit-guide-pratique-du-herisson\/","og_site_name":"Mille Piquants","og_image":[{"url":"http:\/\/lesptitskipik.fr\/wp-content\/uploads\/2019\/06\/GuideHerisson1.png","type":"","width":"","height":""}],"twitter_card":"summary_large_image","twitter_misc":{"Dur\u00e9e de lecture estim\u00e9e":"5 minutes"},"schema":{"@context":"https:\/\/schema.org","@graph":[{"@type":"WebPage","@id":"https:\/\/millepiquants.fr\/index.php\/petit-guide-pratique-du-herisson\/","url":"https:\/\/millepiquants.fr\/index.php\/petit-guide-pratique-du-herisson\/","name":"Petit Guide Pratique du H\u00e9risson - Mille Piquants","isPartOf":{"@id":"https:\/\/millepiquants.fr\/#website"},"primaryImageOfPage":{"@id":"https:\/\/millepiquants.fr\/index.php\/petit-guide-pratique-du-herisson\/#primaryimage"},"image":{"@id":"https:\/\/millepiquants.fr\/index.php\/petit-guide-pratique-du-herisson\/#primaryimage"},"thumbnailUrl":"http:\/\/lesptitskipik.fr\/wp-content\/uploads\/2019\/06\/GuideHerisson1.png","datePublished":"2019-06-29T09:32:05+00:00","dateModified":"2019-06-29T09:32:05+00:00","description":"Petit Guide Pratique du H\u00e9risson","breadcrumb":{"@id":"https:\/\/millepiquants.fr\/index.php\/petit-guide-pratique-du-herisson\/#breadcrumb"},"inLanguage":"fr-FR","potentialAction":[{"@type":"ReadAction","target":["https:\/\/millepiquants.fr\/index.php\/petit-guide-pratique-du-herisson\/"]}]},{"@type":"ImageObject","inLanguage":"fr-FR","@id":"https:\/\/millepiquants.fr\/index.php\/petit-guide-pratique-du-herisson\/#primaryimage","url":"http:\/\/lesptitskipik.fr\/wp-content\/uploads\/2019\/06\/GuideHerisson1.png","contentUrl":"http:\/\/lesptitskipik.fr\/wp-content\/uploads\/2019\/06\/GuideHerisson1.png"},{"@type":"BreadcrumbList","@id":"https:\/\/millepiquants.fr\/index.php\/petit-guide-pratique-du-herisson\/#breadcrumb","itemListElement":[{"@type":"ListItem","position":1,"name":"Home","item":"https:\/\/millepiquants.fr\/"},{"@type":"ListItem","position":2,"name":"Petit Guide Pratique du H\u00e9risson"}]},{"@type":"WebSite","@id":"https:\/\/millepiquants.fr\/#website","url":"https:\/\/millepiquants.fr\/","name":"Mille Piquants","description":"Un centre de sauvegarde sp\u00e9cifique herrissons, dans l&#039;Essonne (91)","publisher":{"@id":"https:\/\/millepiquants.fr\/#organization"},"potentialAction":[{"@type":"SearchAction","target":{"@type":"EntryPoint","urlTemplate":"https:\/\/millepiquants.fr\/?s={search_term_string}"},"query-input":{"@type":"PropertyValueSpecification","valueRequired":true,"valueName":"search_term_string"}}],"inLanguage":"fr-FR"},{"@type":"Organization","@id":"https:\/\/millepiquants.fr\/#organization","name":"Mille Piquants","url":"https:\/\/millepiquants.fr\/","logo":{"@type":"ImageObject","inLanguage":"fr-FR","@id":"https:\/\/millepiquants.fr\/#\/schema\/logo\/image\/","url":"http:\/\/millepiquants.fr\/wp-content\/uploads\/2021\/08\/Marjo-Original18-190x190-trans.png","contentUrl":"http:\/\/millepiquants.fr\/wp-content\/uploads\/2021\/08\/Marjo-Original18-190x190-trans.png","width":190,"height":190,"caption":"Mille Piquants"},"image":{"@id":"https:\/\/millepiquants.fr\/#\/schema\/logo\/image\/"}}]}},"_links":{"self":[{"href":"https:\/\/millepiquants.fr\/index.php\/wp-json\/wp\/v2\/pages\/137","targetHints":{"allow":["GET"]}}],"collection":[{"href":"https:\/\/millepiquants.fr\/index.php\/wp-json\/wp\/v2\/pages"}],"about":[{"href":"https:\/\/millepiquants.fr\/index.php\/wp-json\/wp\/v2\/types\/page"}],"author":[{"embeddable":true,"href":"https:\/\/millepiquants.fr\/index.php\/wp-json\/wp\/v2\/users\/1"}],"replies":[{"embeddable":true,"href":"https:\/\/millepiquants.fr\/index.php\/wp-json\/wp\/v2\/comments?post=137"}],"version-history":[{"count":0,"href":"https:\/\/millepiquants.fr\/index.php\/wp-json\/wp\/v2\/pages\/137\/revisions"}],"wp:attachment":[{"href":"https:\/\/millepiquants.fr\/index.php\/wp-json\/wp\/v2\/media?parent=137"}],"curies":[{"name":"wp","href":"https:\/\/api.w.org\/{rel}","templated":true}]}}