{"id":2116,"date":"2019-06-29T14:21:43","date_gmt":"2019-06-29T12:21:43","guid":{"rendered":"http:\/\/lesptitskipik.fr\/?page_id=123"},"modified":"2019-06-29T14:21:43","modified_gmt":"2019-06-29T12:21:43","slug":"notre-action","status":"publish","type":"page","link":"https:\/\/millepiquants.fr\/index.php\/notre-action\/","title":{"rendered":"Notre Action"},"content":{"rendered":"\n<p class=\"has-text-color\" style=\"color:#ffffff;font-size:1px\">Notre Action &#8211; Prise en charges des h\u00e9rissons juv\u00e9niles jusqu\u2019\u00e0u sevrage. Soins aux h\u00e9rissons malades ou blesses. R\u00e9adaptation en enclos s\u00e9curis\u00e9s. Et rel\u00e2cher au taquet.<\/p>\n\n\n<div class=\"wp-block-image\"><figure class=\"aligncenter size-large\"><img decoding=\"async\" src=\"http:\/\/lesptitskipik.fr\/wp-content\/uploads\/2021\/08\/Ce-quon-fait4.jpg\" alt=\"\" class=\"wp-image-2265\"\/><\/figure><\/div>\n\n\n<p class=\"has-text-align-center\"><strong>La prise en charge des h\u00e9rissons et des soins sont gratuits.<br \/>C\u2019est grace \u00e0 vos dons que nous continuons&nbsp;!<\/strong><\/p>\n\n\n\n\n<div class=\"wp-block-image\"><figure class=\"aligncenter\"><img loading=\"lazy\" decoding=\"async\" width=\"131\" height=\"108\" src=\"http:\/\/lesptitskipik.fr\/wp-content\/uploads\/2019\/08\/Thank-You2.png\" alt=\"\" class=\"wp-image-717\"\/><\/figure><\/div>\n","protected":false},"excerpt":{"rendered":"<p>Notre Action &#8211; Prise en charges des h\u00e9rissons juv\u00e9niles jusqu\u2019\u00e0u sevrage. Soins aux h\u00e9rissons malades ou blesses. R\u00e9adaptation en enclos s\u00e9curis\u00e9s. Et rel\u00e2cher au taquet. La prise en charge des h\u00e9rissons et des soins sont gratuits.C\u2019est grace \u00e0 vos dons que nous continuons&nbsp;!<\/p>\n","protected":false},"author":1,"featured_media":0,"parent":0,"menu_order":0,"comment_status":"closed","ping_status":"closed","template":"","meta":{"_monsterinsights_skip_tracking":false,"_monsterinsights_sitenote_active":false,"_monsterinsights_sitenote_note":"","_monsterinsights_sitenote_category":0,"footnotes":""},"class_list":["post-2116","page","type-page","status-publish","hentry","wpbf-post"],"yoast_head":"<!-- This site is optimized with the Yoast SEO plugin v24.3 - https:\/\/yoast.com\/wordpress\/plugins\/seo\/ -->\n<title>Notre Action - Mille Piquants<\/title>\n<meta name=\"description\" content=\"Notre Action :- Prise en charges des h\u00e9rissons juv\u00e9niles jusqu\u2019\u00e0u sevrage. Soins aux h\u00e9rissons malades ou bless\u00e9s. R\u00e9adaptation en enclos s\u00e9curis\u00e9s. Et rel\u00e2cher au taquet.\" \/>\n<meta name=\"robots\" content=\"index, follow, max-snippet:-1, max-image-preview:large, max-video-preview:-1\" \/>\n<link rel=\"canonical\" href=\"https:\/\/millepiquants.fr\/index.php\/notre-action\/\" \/>\n<meta property=\"og:locale\" content=\"fr_FR\" \/>\n<meta property=\"og:type\" content=\"article\" \/>\n<meta property=\"og:title\" content=\"Notre Action - Mille Piquants\" \/>\n<meta property=\"og:description\" content=\"Notre Action :- Prise en charges des h\u00e9rissons juv\u00e9niles jusqu\u2019\u00e0u sevrage. Soins aux h\u00e9rissons malades ou bless\u00e9s. R\u00e9adaptation en enclos s\u00e9curis\u00e9s. Et rel\u00e2cher au taquet.\" \/>\n<meta property=\"og:url\" content=\"https:\/\/millepiquants.fr\/index.php\/notre-action\/\" \/>\n<meta property=\"og:site_name\" content=\"Mille Piquants\" \/>\n<meta property=\"og:image\" content=\"http:\/\/lesptitskipik.fr\/wp-content\/uploads\/2021\/08\/Ce-quon-fait4.jpg\" \/>\n<meta name=\"twitter:card\" content=\"summary_large_image\" \/>\n<meta name=\"twitter:label1\" content=\"Dur\u00e9e de lecture estim\u00e9e\" \/>\n\t<meta name=\"twitter:data1\" content=\"1 minute\" \/>\n<script type=\"application\/ld+json\" class=\"yoast-schema-graph\">{\"@context\":\"https:\/\/schema.org\",\"@graph\":[{\"@type\":\"WebPage\",\"@id\":\"https:\/\/millepiquants.fr\/index.php\/notre-action\/\",\"url\":\"https:\/\/millepiquants.fr\/index.php\/notre-action\/\",\"name\":\"Notre Action - Mille Piquants\",\"isPartOf\":{\"@id\":\"https:\/\/millepiquants.fr\/#website\"},\"primaryImageOfPage\":{\"@id\":\"https:\/\/millepiquants.fr\/index.php\/notre-action\/#primaryimage\"},\"image\":{\"@id\":\"https:\/\/millepiquants.fr\/index.php\/notre-action\/#primaryimage\"},\"thumbnailUrl\":\"http:\/\/lesptitskipik.fr\/wp-content\/uploads\/2021\/08\/Ce-quon-fait4.jpg\",\"datePublished\":\"2019-06-29T12:21:43+00:00\",\"dateModified\":\"2019-06-29T12:21:43+00:00\",\"description\":\"Notre Action :- Prise en charges des h\u00e9rissons juv\u00e9niles jusqu\u2019\u00e0u sevrage. Soins aux h\u00e9rissons malades ou bless\u00e9s. R\u00e9adaptation en enclos s\u00e9curis\u00e9s. Et rel\u00e2cher au taquet.\",\"breadcrumb\":{\"@id\":\"https:\/\/millepiquants.fr\/index.php\/notre-action\/#breadcrumb\"},\"inLanguage\":\"fr-FR\",\"potentialAction\":[{\"@type\":\"ReadAction\",\"target\":[\"https:\/\/millepiquants.fr\/index.php\/notre-action\/\"]}]},{\"@type\":\"ImageObject\",\"inLanguage\":\"fr-FR\",\"@id\":\"https:\/\/millepiquants.fr\/index.php\/notre-action\/#primaryimage\",\"url\":\"http:\/\/lesptitskipik.fr\/wp-content\/uploads\/2021\/08\/Ce-quon-fait4.jpg\",\"contentUrl\":\"http:\/\/lesptitskipik.fr\/wp-content\/uploads\/2021\/08\/Ce-quon-fait4.jpg\"},{\"@type\":\"BreadcrumbList\",\"@id\":\"https:\/\/millepiquants.fr\/index.php\/notre-action\/#breadcrumb\",\"itemListElement\":[{\"@type\":\"ListItem\",\"position\":1,\"name\":\"Home\",\"item\":\"https:\/\/millepiquants.fr\/\"},{\"@type\":\"ListItem\",\"position\":2,\"name\":\"Notre Action\"}]},{\"@type\":\"WebSite\",\"@id\":\"https:\/\/millepiquants.fr\/#website\",\"url\":\"https:\/\/millepiquants.fr\/\",\"name\":\"Mille Piquants\",\"description\":\"Un centre de sauvegarde sp\u00e9cifique herrissons, dans l&#039;Essonne (91)\",\"publisher\":{\"@id\":\"https:\/\/millepiquants.fr\/#organization\"},\"potentialAction\":[{\"@type\":\"SearchAction\",\"target\":{\"@type\":\"EntryPoint\",\"urlTemplate\":\"https:\/\/millepiquants.fr\/?s={search_term_string}\"},\"query-input\":{\"@type\":\"PropertyValueSpecification\",\"valueRequired\":true,\"valueName\":\"search_term_string\"}}],\"inLanguage\":\"fr-FR\"},{\"@type\":\"Organization\",\"@id\":\"https:\/\/millepiquants.fr\/#organization\",\"name\":\"Mille Piquants\",\"url\":\"https:\/\/millepiquants.fr\/\",\"logo\":{\"@type\":\"ImageObject\",\"inLanguage\":\"fr-FR\",\"@id\":\"https:\/\/millepiquants.fr\/#\/schema\/logo\/image\/\",\"url\":\"http:\/\/millepiquants.fr\/wp-content\/uploads\/2021\/08\/Marjo-Original18-190x190-trans.png\",\"contentUrl\":\"http:\/\/millepiquants.fr\/wp-content\/uploads\/2021\/08\/Marjo-Original18-190x190-trans.png\",\"width\":190,\"height\":190,\"caption\":\"Mille Piquants\"},\"image\":{\"@id\":\"https:\/\/millepiquants.fr\/#\/schema\/logo\/image\/\"}}]}<\/script>\n<!-- \/ Yoast SEO plugin. -->","yoast_head_json":{"title":"Notre Action - Mille Piquants","description":"Notre Action :- Prise en charges des h\u00e9rissons juv\u00e9niles jusqu\u2019\u00e0u sevrage. Soins aux h\u00e9rissons malades ou bless\u00e9s. R\u00e9adaptation en enclos s\u00e9curis\u00e9s. Et rel\u00e2cher au taquet.","robots":{"index":"index","follow":"follow","max-snippet":"max-snippet:-1","max-image-preview":"max-image-preview:large","max-video-preview":"max-video-preview:-1"},"canonical":"https:\/\/millepiquants.fr\/index.php\/notre-action\/","og_locale":"fr_FR","og_type":"article","og_title":"Notre Action - Mille Piquants","og_description":"Notre Action :- Prise en charges des h\u00e9rissons juv\u00e9niles jusqu\u2019\u00e0u sevrage. Soins aux h\u00e9rissons malades ou bless\u00e9s. R\u00e9adaptation en enclos s\u00e9curis\u00e9s. Et rel\u00e2cher au taquet.","og_url":"https:\/\/millepiquants.fr\/index.php\/notre-action\/","og_site_name":"Mille Piquants","og_image":[{"url":"http:\/\/lesptitskipik.fr\/wp-content\/uploads\/2021\/08\/Ce-quon-fait4.jpg","type":"","width":"","height":""}],"twitter_card":"summary_large_image","twitter_misc":{"Dur\u00e9e de lecture estim\u00e9e":"1 minute"},"schema":{"@context":"https:\/\/schema.org","@graph":[{"@type":"WebPage","@id":"https:\/\/millepiquants.fr\/index.php\/notre-action\/","url":"https:\/\/millepiquants.fr\/index.php\/notre-action\/","name":"Notre Action - Mille Piquants","isPartOf":{"@id":"https:\/\/millepiquants.fr\/#website"},"primaryImageOfPage":{"@id":"https:\/\/millepiquants.fr\/index.php\/notre-action\/#primaryimage"},"image":{"@id":"https:\/\/millepiquants.fr\/index.php\/notre-action\/#primaryimage"},"thumbnailUrl":"http:\/\/lesptitskipik.fr\/wp-content\/uploads\/2021\/08\/Ce-quon-fait4.jpg","datePublished":"2019-06-29T12:21:43+00:00","dateModified":"2019-06-29T12:21:43+00:00","description":"Notre Action :- Prise en charges des h\u00e9rissons juv\u00e9niles jusqu\u2019\u00e0u sevrage. Soins aux h\u00e9rissons malades ou bless\u00e9s. R\u00e9adaptation en enclos s\u00e9curis\u00e9s. Et rel\u00e2cher au taquet.","breadcrumb":{"@id":"https:\/\/millepiquants.fr\/index.php\/notre-action\/#breadcrumb"},"inLanguage":"fr-FR","potentialAction":[{"@type":"ReadAction","target":["https:\/\/millepiquants.fr\/index.php\/notre-action\/"]}]},{"@type":"ImageObject","inLanguage":"fr-FR","@id":"https:\/\/millepiquants.fr\/index.php\/notre-action\/#primaryimage","url":"http:\/\/lesptitskipik.fr\/wp-content\/uploads\/2021\/08\/Ce-quon-fait4.jpg","contentUrl":"http:\/\/lesptitskipik.fr\/wp-content\/uploads\/2021\/08\/Ce-quon-fait4.jpg"},{"@type":"BreadcrumbList","@id":"https:\/\/millepiquants.fr\/index.php\/notre-action\/#breadcrumb","itemListElement":[{"@type":"ListItem","position":1,"name":"Home","item":"https:\/\/millepiquants.fr\/"},{"@type":"ListItem","position":2,"name":"Notre Action"}]},{"@type":"WebSite","@id":"https:\/\/millepiquants.fr\/#website","url":"https:\/\/millepiquants.fr\/","name":"Mille Piquants","description":"Un centre de sauvegarde sp\u00e9cifique herrissons, dans l&#039;Essonne (91)","publisher":{"@id":"https:\/\/millepiquants.fr\/#organization"},"potentialAction":[{"@type":"SearchAction","target":{"@type":"EntryPoint","urlTemplate":"https:\/\/millepiquants.fr\/?s={search_term_string}"},"query-input":{"@type":"PropertyValueSpecification","valueRequired":true,"valueName":"search_term_string"}}],"inLanguage":"fr-FR"},{"@type":"Organization","@id":"https:\/\/millepiquants.fr\/#organization","name":"Mille Piquants","url":"https:\/\/millepiquants.fr\/","logo":{"@type":"ImageObject","inLanguage":"fr-FR","@id":"https:\/\/millepiquants.fr\/#\/schema\/logo\/image\/","url":"http:\/\/millepiquants.fr\/wp-content\/uploads\/2021\/08\/Marjo-Original18-190x190-trans.png","contentUrl":"http:\/\/millepiquants.fr\/wp-content\/uploads\/2021\/08\/Marjo-Original18-190x190-trans.png","width":190,"height":190,"caption":"Mille Piquants"},"image":{"@id":"https:\/\/millepiquants.fr\/#\/schema\/logo\/image\/"}}]}},"_links":{"self":[{"href":"https:\/\/millepiquants.fr\/index.php\/wp-json\/wp\/v2\/pages\/2116","targetHints":{"allow":["GET"]}}],"collection":[{"href":"https:\/\/millepiquants.fr\/index.php\/wp-json\/wp\/v2\/pages"}],"about":[{"href":"https:\/\/millepiquants.fr\/index.php\/wp-json\/wp\/v2\/types\/page"}],"author":[{"embeddable":true,"href":"https:\/\/millepiquants.fr\/index.php\/wp-json\/wp\/v2\/users\/1"}],"replies":[{"embeddable":true,"href":"https:\/\/millepiquants.fr\/index.php\/wp-json\/wp\/v2\/comments?post=2116"}],"version-history":[{"count":0,"href":"https:\/\/millepiquants.fr\/index.php\/wp-json\/wp\/v2\/pages\/2116\/revisions"}],"wp:attachment":[{"href":"https:\/\/millepiquants.fr\/index.php\/wp-json\/wp\/v2\/media?parent=2116"}],"curies":[{"name":"wp","href":"https:\/\/api.w.org\/{rel}","templated":true}]}}