{"id":2338,"date":"2021-10-19T14:14:27","date_gmt":"2021-10-19T12:14:27","guid":{"rendered":"http:\/\/millepiquants.fr\/?page_id=2338"},"modified":"2025-01-25T09:27:56","modified_gmt":"2025-01-25T08:27:56","slug":"notre-centre","status":"publish","type":"page","link":"https:\/\/millepiquants.fr\/index.php\/notre-centre\/","title":{"rendered":"Notre Centre"},"content":{"rendered":"\n<p class=\"has-text-align-center has-black-color has-text-color has-larger-font-size\"><img loading=\"lazy\" decoding=\"async\" width=\"50\" height=\"59\" class=\"wp-image-2962\" style=\"width: 50px;\" src=\"http:\/\/millepiquants.fr\/wp-content\/uploads\/2024\/04\/Gaston-Right.png\" alt=\"\" srcset=\"https:\/\/millepiquants.fr\/wp-content\/uploads\/2024\/04\/Gaston-Right.png 437w, https:\/\/millepiquants.fr\/wp-content\/uploads\/2024\/04\/Gaston-Right-254x300.png 254w\" sizes=\"auto, (max-width: 50px) 100vw, 50px\" \/>C&rsquo;est ici qu&rsquo;ils prendront soin de nous.<img loading=\"lazy\" decoding=\"async\" width=\"50\" height=\"59\" class=\"wp-image-2961\" style=\"width: 50px;\" src=\"http:\/\/millepiquants.fr\/wp-content\/uploads\/2024\/04\/Gaston-Left.png\" alt=\"\" srcset=\"https:\/\/millepiquants.fr\/wp-content\/uploads\/2024\/04\/Gaston-Left.png 437w, https:\/\/millepiquants.fr\/wp-content\/uploads\/2024\/04\/Gaston-Left-254x300.png 254w\" sizes=\"auto, (max-width: 50px) 100vw, 50px\" \/><\/p>\n\n\n\n<figure class=\"wp-block-image aligncenter size-large is-style-default\"><img loading=\"lazy\" decoding=\"async\" width=\"611\" height=\"406\" src=\"http:\/\/millepiquants.fr\/wp-content\/uploads\/2021\/12\/Centre01.jpg\" alt=\"\" class=\"wp-image-2595\" srcset=\"https:\/\/millepiquants.fr\/wp-content\/uploads\/2021\/12\/Centre01.jpg 611w, https:\/\/millepiquants.fr\/wp-content\/uploads\/2021\/12\/Centre01-300x199.jpg 300w\" sizes=\"auto, (max-width: 611px) 100vw, 611px\" \/><figcaption class=\"wp-element-caption\"><img loading=\"lazy\" decoding=\"async\" width=\"25\" height=\"30\" class=\"wp-image-2962\" style=\"width: 25px;\" src=\"http:\/\/millepiquants.fr\/wp-content\/uploads\/2024\/04\/Gaston-Right.png\" alt=\"\" srcset=\"https:\/\/millepiquants.fr\/wp-content\/uploads\/2024\/04\/Gaston-Right.png 437w, https:\/\/millepiquants.fr\/wp-content\/uploads\/2024\/04\/Gaston-Right-254x300.png 254w\" sizes=\"auto, (max-width: 25px) 100vw, 25px\" \/>Le centre est quatre fois plus grand que l&rsquo;ancien \u00e0 Vert le Petit.<img loading=\"lazy\" decoding=\"async\" width=\"25\" height=\"30\" class=\"wp-image-2961\" style=\"width: 25px;\" src=\"http:\/\/millepiquants.fr\/wp-content\/uploads\/2024\/04\/Gaston-Left.png\" alt=\"\" srcset=\"https:\/\/millepiquants.fr\/wp-content\/uploads\/2024\/04\/Gaston-Left.png 437w, https:\/\/millepiquants.fr\/wp-content\/uploads\/2024\/04\/Gaston-Left-254x300.png 254w\" sizes=\"auto, (max-width: 25px) 100vw, 25px\" \/><\/figcaption><\/figure>\n\n\n\n<figure class=\"wp-block-image aligncenter size-large is-style-default\"><img loading=\"lazy\" decoding=\"async\" width=\"611\" height=\"406\" src=\"http:\/\/millepiquants.fr\/wp-content\/uploads\/2021\/12\/Centre04.jpg\" alt=\"\" class=\"wp-image-2598\" srcset=\"https:\/\/millepiquants.fr\/wp-content\/uploads\/2021\/12\/Centre04.jpg 611w, https:\/\/millepiquants.fr\/wp-content\/uploads\/2021\/12\/Centre04-300x199.jpg 300w\" sizes=\"auto, (max-width: 611px) 100vw, 611px\" \/><figcaption class=\"wp-element-caption\"><img loading=\"lazy\" decoding=\"async\" width=\"25\" height=\"30\" class=\"wp-image-2962\" style=\"width: 25px;\" src=\"http:\/\/millepiquants.fr\/wp-content\/uploads\/2024\/04\/Gaston-Right.png\" alt=\"\" srcset=\"https:\/\/millepiquants.fr\/wp-content\/uploads\/2024\/04\/Gaston-Right.png 437w, https:\/\/millepiquants.fr\/wp-content\/uploads\/2024\/04\/Gaston-Right-254x300.png 254w\" sizes=\"auto, (max-width: 25px) 100vw, 25px\" \/>Toujours le m\u00eame \u00e9quipement<img loading=\"lazy\" decoding=\"async\" width=\"25\" height=\"30\" class=\"wp-image-2961\" style=\"width: 25px;\" src=\"http:\/\/millepiquants.fr\/wp-content\/uploads\/2024\/04\/Gaston-Left.png\" alt=\"\" srcset=\"https:\/\/millepiquants.fr\/wp-content\/uploads\/2024\/04\/Gaston-Left.png 437w, https:\/\/millepiquants.fr\/wp-content\/uploads\/2024\/04\/Gaston-Left-254x300.png 254w\" sizes=\"auto, (max-width: 25px) 100vw, 25px\" \/><\/figcaption><\/figure>\n\n\n\n<figure class=\"wp-block-image aligncenter size-large is-style-default\"><img loading=\"lazy\" decoding=\"async\" width=\"611\" height=\"406\" src=\"http:\/\/millepiquants.fr\/wp-content\/uploads\/2021\/12\/Centre02.jpg\" alt=\"\" class=\"wp-image-2596\" srcset=\"https:\/\/millepiquants.fr\/wp-content\/uploads\/2021\/12\/Centre02.jpg 611w, https:\/\/millepiquants.fr\/wp-content\/uploads\/2021\/12\/Centre02-300x199.jpg 300w\" sizes=\"auto, (max-width: 611px) 100vw, 611px\" \/><figcaption class=\"wp-element-caption\"><img loading=\"lazy\" decoding=\"async\" width=\"25\" height=\"30\" class=\"wp-image-2962\" style=\"width: 25px;\" src=\"http:\/\/millepiquants.fr\/wp-content\/uploads\/2024\/04\/Gaston-Right.png\" alt=\"\" srcset=\"https:\/\/millepiquants.fr\/wp-content\/uploads\/2024\/04\/Gaston-Right.png 437w, https:\/\/millepiquants.fr\/wp-content\/uploads\/2024\/04\/Gaston-Right-254x300.png 254w\" sizes=\"auto, (max-width: 25px) 100vw, 25px\" \/>Toujours le m\u00eame responsable<img loading=\"lazy\" decoding=\"async\" width=\"25\" height=\"30\" class=\"wp-image-2961\" style=\"width: 25px;\" src=\"http:\/\/millepiquants.fr\/wp-content\/uploads\/2024\/04\/Gaston-Left.png\" alt=\"\" srcset=\"https:\/\/millepiquants.fr\/wp-content\/uploads\/2024\/04\/Gaston-Left.png 437w, https:\/\/millepiquants.fr\/wp-content\/uploads\/2024\/04\/Gaston-Left-254x300.png 254w\" sizes=\"auto, (max-width: 25px) 100vw, 25px\" \/><\/figcaption><\/figure>\n\n\n\n<figure class=\"wp-block-image aligncenter size-large is-style-default\"><img loading=\"lazy\" decoding=\"async\" width=\"611\" height=\"406\" src=\"http:\/\/millepiquants.fr\/wp-content\/uploads\/2021\/12\/Centre03.jpg\" alt=\"\" class=\"wp-image-2597\" srcset=\"https:\/\/millepiquants.fr\/wp-content\/uploads\/2021\/12\/Centre03.jpg 611w, https:\/\/millepiquants.fr\/wp-content\/uploads\/2021\/12\/Centre03-300x199.jpg 300w\" sizes=\"auto, (max-width: 611px) 100vw, 611px\" \/><figcaption class=\"wp-element-caption\"><img loading=\"lazy\" decoding=\"async\" width=\"25\" height=\"30\" class=\"wp-image-2962\" style=\"width: 25px;\" src=\"http:\/\/millepiquants.fr\/wp-content\/uploads\/2024\/04\/Gaston-Right.png\" alt=\"\" srcset=\"https:\/\/millepiquants.fr\/wp-content\/uploads\/2024\/04\/Gaston-Right.png 437w, https:\/\/millepiquants.fr\/wp-content\/uploads\/2024\/04\/Gaston-Right-254x300.png 254w\" sizes=\"auto, (max-width: 25px) 100vw, 25px\" \/>Toujours les m\u00eames b\u00e9n\u00e9voles<img loading=\"lazy\" decoding=\"async\" width=\"25\" height=\"30\" class=\"wp-image-2961\" style=\"width: 25px;\" src=\"http:\/\/millepiquants.fr\/wp-content\/uploads\/2024\/04\/Gaston-Left.png\" alt=\"\" srcset=\"https:\/\/millepiquants.fr\/wp-content\/uploads\/2024\/04\/Gaston-Left.png 437w, https:\/\/millepiquants.fr\/wp-content\/uploads\/2024\/04\/Gaston-Left-254x300.png 254w\" sizes=\"auto, (max-width: 25px) 100vw, 25px\" \/><\/figcaption><\/figure>\n\n\n\n<figure class=\"wp-block-image aligncenter size-large is-style-default\"><img loading=\"lazy\" decoding=\"async\" width=\"611\" height=\"406\" src=\"http:\/\/millepiquants.fr\/wp-content\/uploads\/2021\/12\/Centre05.jpg\" alt=\"\" class=\"wp-image-2599\" srcset=\"https:\/\/millepiquants.fr\/wp-content\/uploads\/2021\/12\/Centre05.jpg 611w, https:\/\/millepiquants.fr\/wp-content\/uploads\/2021\/12\/Centre05-300x199.jpg 300w\" sizes=\"auto, (max-width: 611px) 100vw, 611px\" \/><figcaption class=\"wp-element-caption\"><img loading=\"lazy\" decoding=\"async\" width=\"25\" height=\"30\" class=\"wp-image-2962\" style=\"width: 25px;\" src=\"http:\/\/millepiquants.fr\/wp-content\/uploads\/2024\/04\/Gaston-Right.png\" alt=\"\" srcset=\"https:\/\/millepiquants.fr\/wp-content\/uploads\/2024\/04\/Gaston-Right.png 437w, https:\/\/millepiquants.fr\/wp-content\/uploads\/2024\/04\/Gaston-Right-254x300.png 254w\" sizes=\"auto, (max-width: 25px) 100vw, 25px\" \/>Toujours les m\u00eames soins<img loading=\"lazy\" decoding=\"async\" width=\"25\" height=\"30\" class=\"wp-image-2961\" style=\"width: 25px;\" src=\"http:\/\/millepiquants.fr\/wp-content\/uploads\/2024\/04\/Gaston-Left.png\" alt=\"\" srcset=\"https:\/\/millepiquants.fr\/wp-content\/uploads\/2024\/04\/Gaston-Left.png 437w, https:\/\/millepiquants.fr\/wp-content\/uploads\/2024\/04\/Gaston-Left-254x300.png 254w\" sizes=\"auto, (max-width: 25px) 100vw, 25px\" \/><\/figcaption><\/figure>\n","protected":false},"excerpt":{"rendered":"<p>C&rsquo;est ici qu&rsquo;ils prendront soin de nous.<\/p>\n","protected":false},"author":1,"featured_media":0,"parent":0,"menu_order":0,"comment_status":"closed","ping_status":"closed","template":"","meta":{"_monsterinsights_skip_tracking":false,"_monsterinsights_sitenote_active":false,"_monsterinsights_sitenote_note":"","_monsterinsights_sitenote_category":0,"footnotes":""},"class_list":["post-2338","page","type-page","status-publish","hentry","wpbf-post"],"yoast_head":"<!-- This site is optimized with the Yoast SEO plugin v24.3 - https:\/\/yoast.com\/wordpress\/plugins\/seo\/ -->\n<title>Notre Centre - Mille Piquants<\/title>\n<meta name=\"robots\" content=\"index, follow, max-snippet:-1, max-image-preview:large, max-video-preview:-1\" \/>\n<link rel=\"canonical\" href=\"https:\/\/millepiquants.fr\/index.php\/notre-centre\/\" \/>\n<meta property=\"og:locale\" content=\"fr_FR\" \/>\n<meta property=\"og:type\" content=\"article\" \/>\n<meta property=\"og:title\" content=\"Notre Centre - Mille Piquants\" \/>\n<meta property=\"og:description\" content=\"C&rsquo;est ici qu&rsquo;ils prendront soin de nous.\" \/>\n<meta property=\"og:url\" content=\"https:\/\/millepiquants.fr\/index.php\/notre-centre\/\" \/>\n<meta property=\"og:site_name\" content=\"Mille Piquants\" \/>\n<meta property=\"article:modified_time\" content=\"2025-01-25T08:27:56+00:00\" \/>\n<meta property=\"og:image\" content=\"https:\/\/millepiquants.fr\/wp-content\/uploads\/2024\/04\/Gaston-Right.png\" \/>\n\t<meta property=\"og:image:width\" content=\"437\" \/>\n\t<meta property=\"og:image:height\" content=\"516\" \/>\n\t<meta property=\"og:image:type\" content=\"image\/png\" \/>\n<meta name=\"twitter:card\" content=\"summary_large_image\" \/>\n<meta name=\"twitter:label1\" content=\"Dur\u00e9e de lecture estim\u00e9e\" \/>\n\t<meta name=\"twitter:data1\" content=\"4 minutes\" \/>\n<script type=\"application\/ld+json\" class=\"yoast-schema-graph\">{\"@context\":\"https:\/\/schema.org\",\"@graph\":[{\"@type\":\"WebPage\",\"@id\":\"https:\/\/millepiquants.fr\/index.php\/notre-centre\/\",\"url\":\"https:\/\/millepiquants.fr\/index.php\/notre-centre\/\",\"name\":\"Notre Centre - Mille Piquants\",\"isPartOf\":{\"@id\":\"https:\/\/millepiquants.fr\/#website\"},\"primaryImageOfPage\":{\"@id\":\"https:\/\/millepiquants.fr\/index.php\/notre-centre\/#primaryimage\"},\"image\":{\"@id\":\"https:\/\/millepiquants.fr\/index.php\/notre-centre\/#primaryimage\"},\"thumbnailUrl\":\"http:\/\/millepiquants.fr\/wp-content\/uploads\/2024\/04\/Gaston-Right.png\",\"datePublished\":\"2021-10-19T12:14:27+00:00\",\"dateModified\":\"2025-01-25T08:27:56+00:00\",\"breadcrumb\":{\"@id\":\"https:\/\/millepiquants.fr\/index.php\/notre-centre\/#breadcrumb\"},\"inLanguage\":\"fr-FR\",\"potentialAction\":[{\"@type\":\"ReadAction\",\"target\":[\"https:\/\/millepiquants.fr\/index.php\/notre-centre\/\"]}]},{\"@type\":\"ImageObject\",\"inLanguage\":\"fr-FR\",\"@id\":\"https:\/\/millepiquants.fr\/index.php\/notre-centre\/#primaryimage\",\"url\":\"https:\/\/millepiquants.fr\/wp-content\/uploads\/2024\/04\/Gaston-Right.png\",\"contentUrl\":\"https:\/\/millepiquants.fr\/wp-content\/uploads\/2024\/04\/Gaston-Right.png\",\"width\":437,\"height\":516},{\"@type\":\"BreadcrumbList\",\"@id\":\"https:\/\/millepiquants.fr\/index.php\/notre-centre\/#breadcrumb\",\"itemListElement\":[{\"@type\":\"ListItem\",\"position\":1,\"name\":\"Home\",\"item\":\"https:\/\/millepiquants.fr\/\"},{\"@type\":\"ListItem\",\"position\":2,\"name\":\"Notre Centre\"}]},{\"@type\":\"WebSite\",\"@id\":\"https:\/\/millepiquants.fr\/#website\",\"url\":\"https:\/\/millepiquants.fr\/\",\"name\":\"Mille Piquants\",\"description\":\"Un centre de sauvegarde sp\u00e9cifique herrissons, dans l&#039;Essonne (91)\",\"publisher\":{\"@id\":\"https:\/\/millepiquants.fr\/#organization\"},\"potentialAction\":[{\"@type\":\"SearchAction\",\"target\":{\"@type\":\"EntryPoint\",\"urlTemplate\":\"https:\/\/millepiquants.fr\/?s={search_term_string}\"},\"query-input\":{\"@type\":\"PropertyValueSpecification\",\"valueRequired\":true,\"valueName\":\"search_term_string\"}}],\"inLanguage\":\"fr-FR\"},{\"@type\":\"Organization\",\"@id\":\"https:\/\/millepiquants.fr\/#organization\",\"name\":\"Mille Piquants\",\"url\":\"https:\/\/millepiquants.fr\/\",\"logo\":{\"@type\":\"ImageObject\",\"inLanguage\":\"fr-FR\",\"@id\":\"https:\/\/millepiquants.fr\/#\/schema\/logo\/image\/\",\"url\":\"http:\/\/millepiquants.fr\/wp-content\/uploads\/2021\/08\/Marjo-Original18-190x190-trans.png\",\"contentUrl\":\"http:\/\/millepiquants.fr\/wp-content\/uploads\/2021\/08\/Marjo-Original18-190x190-trans.png\",\"width\":190,\"height\":190,\"caption\":\"Mille Piquants\"},\"image\":{\"@id\":\"https:\/\/millepiquants.fr\/#\/schema\/logo\/image\/\"}}]}<\/script>\n<!-- \/ Yoast SEO plugin. -->","yoast_head_json":{"title":"Notre Centre - Mille Piquants","robots":{"index":"index","follow":"follow","max-snippet":"max-snippet:-1","max-image-preview":"max-image-preview:large","max-video-preview":"max-video-preview:-1"},"canonical":"https:\/\/millepiquants.fr\/index.php\/notre-centre\/","og_locale":"fr_FR","og_type":"article","og_title":"Notre Centre - Mille Piquants","og_description":"C&rsquo;est ici qu&rsquo;ils prendront soin de nous.","og_url":"https:\/\/millepiquants.fr\/index.php\/notre-centre\/","og_site_name":"Mille Piquants","article_modified_time":"2025-01-25T08:27:56+00:00","og_image":[{"width":437,"height":516,"url":"https:\/\/millepiquants.fr\/wp-content\/uploads\/2024\/04\/Gaston-Right.png","type":"image\/png"}],"twitter_card":"summary_large_image","twitter_misc":{"Dur\u00e9e de lecture estim\u00e9e":"4 minutes"},"schema":{"@context":"https:\/\/schema.org","@graph":[{"@type":"WebPage","@id":"https:\/\/millepiquants.fr\/index.php\/notre-centre\/","url":"https:\/\/millepiquants.fr\/index.php\/notre-centre\/","name":"Notre Centre - Mille Piquants","isPartOf":{"@id":"https:\/\/millepiquants.fr\/#website"},"primaryImageOfPage":{"@id":"https:\/\/millepiquants.fr\/index.php\/notre-centre\/#primaryimage"},"image":{"@id":"https:\/\/millepiquants.fr\/index.php\/notre-centre\/#primaryimage"},"thumbnailUrl":"http:\/\/millepiquants.fr\/wp-content\/uploads\/2024\/04\/Gaston-Right.png","datePublished":"2021-10-19T12:14:27+00:00","dateModified":"2025-01-25T08:27:56+00:00","breadcrumb":{"@id":"https:\/\/millepiquants.fr\/index.php\/notre-centre\/#breadcrumb"},"inLanguage":"fr-FR","potentialAction":[{"@type":"ReadAction","target":["https:\/\/millepiquants.fr\/index.php\/notre-centre\/"]}]},{"@type":"ImageObject","inLanguage":"fr-FR","@id":"https:\/\/millepiquants.fr\/index.php\/notre-centre\/#primaryimage","url":"https:\/\/millepiquants.fr\/wp-content\/uploads\/2024\/04\/Gaston-Right.png","contentUrl":"https:\/\/millepiquants.fr\/wp-content\/uploads\/2024\/04\/Gaston-Right.png","width":437,"height":516},{"@type":"BreadcrumbList","@id":"https:\/\/millepiquants.fr\/index.php\/notre-centre\/#breadcrumb","itemListElement":[{"@type":"ListItem","position":1,"name":"Home","item":"https:\/\/millepiquants.fr\/"},{"@type":"ListItem","position":2,"name":"Notre Centre"}]},{"@type":"WebSite","@id":"https:\/\/millepiquants.fr\/#website","url":"https:\/\/millepiquants.fr\/","name":"Mille Piquants","description":"Un centre de sauvegarde sp\u00e9cifique herrissons, dans l&#039;Essonne (91)","publisher":{"@id":"https:\/\/millepiquants.fr\/#organization"},"potentialAction":[{"@type":"SearchAction","target":{"@type":"EntryPoint","urlTemplate":"https:\/\/millepiquants.fr\/?s={search_term_string}"},"query-input":{"@type":"PropertyValueSpecification","valueRequired":true,"valueName":"search_term_string"}}],"inLanguage":"fr-FR"},{"@type":"Organization","@id":"https:\/\/millepiquants.fr\/#organization","name":"Mille Piquants","url":"https:\/\/millepiquants.fr\/","logo":{"@type":"ImageObject","inLanguage":"fr-FR","@id":"https:\/\/millepiquants.fr\/#\/schema\/logo\/image\/","url":"http:\/\/millepiquants.fr\/wp-content\/uploads\/2021\/08\/Marjo-Original18-190x190-trans.png","contentUrl":"http:\/\/millepiquants.fr\/wp-content\/uploads\/2021\/08\/Marjo-Original18-190x190-trans.png","width":190,"height":190,"caption":"Mille Piquants"},"image":{"@id":"https:\/\/millepiquants.fr\/#\/schema\/logo\/image\/"}}]}},"_links":{"self":[{"href":"https:\/\/millepiquants.fr\/index.php\/wp-json\/wp\/v2\/pages\/2338","targetHints":{"allow":["GET"]}}],"collection":[{"href":"https:\/\/millepiquants.fr\/index.php\/wp-json\/wp\/v2\/pages"}],"about":[{"href":"https:\/\/millepiquants.fr\/index.php\/wp-json\/wp\/v2\/types\/page"}],"author":[{"embeddable":true,"href":"https:\/\/millepiquants.fr\/index.php\/wp-json\/wp\/v2\/users\/1"}],"replies":[{"embeddable":true,"href":"https:\/\/millepiquants.fr\/index.php\/wp-json\/wp\/v2\/comments?post=2338"}],"version-history":[{"count":9,"href":"https:\/\/millepiquants.fr\/index.php\/wp-json\/wp\/v2\/pages\/2338\/revisions"}],"predecessor-version":[{"id":3061,"href":"https:\/\/millepiquants.fr\/index.php\/wp-json\/wp\/v2\/pages\/2338\/revisions\/3061"}],"wp:attachment":[{"href":"https:\/\/millepiquants.fr\/index.php\/wp-json\/wp\/v2\/media?parent=2338"}],"curies":[{"name":"wp","href":"https:\/\/api.w.org\/{rel}","templated":true}]}}