{"id":2930,"date":"2024-01-15T11:06:08","date_gmt":"2024-01-15T10:06:08","guid":{"rendered":"https:\/\/millepiquants.fr\/?page_id=2930"},"modified":"2024-01-17T12:57:24","modified_gmt":"2024-01-17T11:57:24","slug":"conference-internationale-des-soigneurs-de-herissons","status":"publish","type":"page","link":"https:\/\/millepiquants.fr\/index.php\/conference-internationale-des-soigneurs-de-herissons\/","title":{"rendered":"Conf\u00e9rence Internationale des Soigneurs de H\u00e9rissons"},"content":{"rendered":"\n<div class=\"wp-block-columns is-layout-flex wp-container-core-columns-is-layout-1 wp-block-columns-is-layout-flex\">\n<div class=\"wp-block-column is-layout-flow wp-block-column-is-layout-flow\" style=\"flex-basis:33.33%\">\n<figure class=\"wp-block-image size-full\"><a href=\"https:\/\/millepiquants.fr\/wp-content\/uploads\/2024\/01\/EN-International-Conference-for-Hedgehog-Rehabilitators_Conference-Abstract-Book-2024-2.pdf\"><img loading=\"lazy\" decoding=\"async\" width=\"48\" height=\"48\" src=\"http:\/\/millepiquants.fr\/wp-content\/uploads\/2024\/01\/EN.png\" alt=\"\" class=\"wp-image-2935\"\/><\/a><\/figure>\n<\/div>\n\n\n\n<div class=\"wp-block-column is-layout-flow wp-block-column-is-layout-flow\" style=\"flex-basis:66.66%\">\n<p><a href=\"https:\/\/millepiquants.fr\/wp-content\/uploads\/2024\/01\/EN-International-Conference-for-Hedgehog-Rehabilitators_Conference-Abstract-Book-2024-2.pdf\">International Conference for Hedgehog Rehabilitators &#8211; Conference Abstract Book 2024<\/a><\/p>\n<\/div>\n<\/div>\n\n\n\n<div class=\"wp-block-columns is-layout-flex wp-container-core-columns-is-layout-2 wp-block-columns-is-layout-flex\">\n<div class=\"wp-block-column is-layout-flow wp-block-column-is-layout-flow\" style=\"flex-basis:33.33%\">\n<figure class=\"wp-block-image size-full\"><a href=\"https:\/\/millepiquants.fr\/wp-content\/uploads\/2024\/01\/FR-International-Conference-for-Hedgehog-Rehabilitators_Conference-Abstract-Book-2024-2.pdf\"><img loading=\"lazy\" decoding=\"async\" width=\"70\" height=\"70\" src=\"http:\/\/millepiquants.fr\/wp-content\/uploads\/2024\/01\/FR.png\" alt=\"\" class=\"wp-image-2936\"\/><\/a><\/figure>\n<\/div>\n\n\n\n<div class=\"wp-block-column is-layout-flow wp-block-column-is-layout-flow\" style=\"flex-basis:66.66%\">\n<p><a href=\"https:\/\/millepiquants.fr\/wp-content\/uploads\/2024\/01\/FR-International-Conference-for-Hedgehog-Rehabilitators_Conference-Abstract-Book-2024-2.pdf\">Conf\u00e9rence Internationale des Soignants du H\u00e9risson &#8211; R\u00e9sum\u00e9s de la Conf\u00e9rence 2024<\/a><br>(Traduction automatique par Google. Mille Piquants n&rsquo;est pas responsable de la variabilit\u00e9 de la traduction) &#8211; Cordialement, Nicholas.<\/p>\n<\/div>\n<\/div>\n","protected":false},"excerpt":{"rendered":"<p>International Conference for Hedgehog Rehabilitators &#8211; Conference Abstract Book 2024 Conf\u00e9rence Internationale des Soignants du H\u00e9risson &#8211; R\u00e9sum\u00e9s de la Conf\u00e9rence 2024(Traduction automatique par Google. Mille Piquants n&rsquo;est pas responsable de la variabilit\u00e9 de la traduction) &#8211; Cordialement, Nicholas.<\/p>\n","protected":false},"author":1,"featured_media":2938,"parent":0,"menu_order":0,"comment_status":"closed","ping_status":"closed","template":"","meta":{"_monsterinsights_skip_tracking":false,"_monsterinsights_sitenote_active":false,"_monsterinsights_sitenote_note":"","_monsterinsights_sitenote_category":0,"footnotes":""},"class_list":["post-2930","page","type-page","status-publish","has-post-thumbnail","hentry","wpbf-post"],"yoast_head":"<!-- This site is optimized with the Yoast SEO plugin v24.3 - https:\/\/yoast.com\/wordpress\/plugins\/seo\/ -->\n<title>Conf\u00e9rence Internationale des Soigneurs de H\u00e9rissons - Mille Piquants<\/title>\n<meta name=\"robots\" content=\"index, follow, max-snippet:-1, max-image-preview:large, max-video-preview:-1\" \/>\n<link rel=\"canonical\" href=\"https:\/\/millepiquants.fr\/index.php\/conference-internationale-des-soigneurs-de-herissons\/\" \/>\n<meta property=\"og:locale\" content=\"fr_FR\" \/>\n<meta property=\"og:type\" content=\"article\" \/>\n<meta property=\"og:title\" content=\"Conf\u00e9rence Internationale des Soigneurs de H\u00e9rissons - Mille Piquants\" \/>\n<meta property=\"og:description\" content=\"International Conference for Hedgehog Rehabilitators &#8211; Conference Abstract Book 2024 Conf\u00e9rence Internationale des Soignants du H\u00e9risson &#8211; R\u00e9sum\u00e9s de la Conf\u00e9rence 2024(Traduction automatique par Google. Mille Piquants n&rsquo;est pas responsable de la variabilit\u00e9 de la traduction) &#8211; Cordialement, Nicholas.\" \/>\n<meta property=\"og:url\" content=\"https:\/\/millepiquants.fr\/index.php\/conference-internationale-des-soigneurs-de-herissons\/\" \/>\n<meta property=\"og:site_name\" content=\"Mille Piquants\" \/>\n<meta property=\"article:modified_time\" content=\"2024-01-17T11:57:24+00:00\" \/>\n<meta property=\"og:image\" content=\"http:\/\/millepiquants.fr\/wp-content\/uploads\/2024\/01\/Conference-Logo.jpg\" \/>\n\t<meta property=\"og:image:width\" content=\"717\" \/>\n\t<meta property=\"og:image:height\" content=\"877\" \/>\n\t<meta property=\"og:image:type\" content=\"image\/jpeg\" \/>\n<meta name=\"twitter:card\" content=\"summary_large_image\" \/>\n<meta name=\"twitter:label1\" content=\"Dur\u00e9e de lecture estim\u00e9e\" \/>\n\t<meta name=\"twitter:data1\" content=\"1 minute\" \/>\n<script type=\"application\/ld+json\" class=\"yoast-schema-graph\">{\"@context\":\"https:\/\/schema.org\",\"@graph\":[{\"@type\":\"WebPage\",\"@id\":\"https:\/\/millepiquants.fr\/index.php\/conference-internationale-des-soigneurs-de-herissons\/\",\"url\":\"https:\/\/millepiquants.fr\/index.php\/conference-internationale-des-soigneurs-de-herissons\/\",\"name\":\"Conf\u00e9rence Internationale des Soigneurs de H\u00e9rissons - Mille Piquants\",\"isPartOf\":{\"@id\":\"https:\/\/millepiquants.fr\/#website\"},\"primaryImageOfPage\":{\"@id\":\"https:\/\/millepiquants.fr\/index.php\/conference-internationale-des-soigneurs-de-herissons\/#primaryimage\"},\"image\":{\"@id\":\"https:\/\/millepiquants.fr\/index.php\/conference-internationale-des-soigneurs-de-herissons\/#primaryimage\"},\"thumbnailUrl\":\"https:\/\/millepiquants.fr\/wp-content\/uploads\/2024\/01\/Conference-Logo.jpg\",\"datePublished\":\"2024-01-15T10:06:08+00:00\",\"dateModified\":\"2024-01-17T11:57:24+00:00\",\"breadcrumb\":{\"@id\":\"https:\/\/millepiquants.fr\/index.php\/conference-internationale-des-soigneurs-de-herissons\/#breadcrumb\"},\"inLanguage\":\"fr-FR\",\"potentialAction\":[{\"@type\":\"ReadAction\",\"target\":[\"https:\/\/millepiquants.fr\/index.php\/conference-internationale-des-soigneurs-de-herissons\/\"]}]},{\"@type\":\"ImageObject\",\"inLanguage\":\"fr-FR\",\"@id\":\"https:\/\/millepiquants.fr\/index.php\/conference-internationale-des-soigneurs-de-herissons\/#primaryimage\",\"url\":\"https:\/\/millepiquants.fr\/wp-content\/uploads\/2024\/01\/Conference-Logo.jpg\",\"contentUrl\":\"https:\/\/millepiquants.fr\/wp-content\/uploads\/2024\/01\/Conference-Logo.jpg\",\"width\":717,\"height\":877},{\"@type\":\"BreadcrumbList\",\"@id\":\"https:\/\/millepiquants.fr\/index.php\/conference-internationale-des-soigneurs-de-herissons\/#breadcrumb\",\"itemListElement\":[{\"@type\":\"ListItem\",\"position\":1,\"name\":\"Home\",\"item\":\"https:\/\/millepiquants.fr\/\"},{\"@type\":\"ListItem\",\"position\":2,\"name\":\"Conf\u00e9rence Internationale des Soigneurs de H\u00e9rissons\"}]},{\"@type\":\"WebSite\",\"@id\":\"https:\/\/millepiquants.fr\/#website\",\"url\":\"https:\/\/millepiquants.fr\/\",\"name\":\"Mille Piquants\",\"description\":\"Un centre de sauvegarde sp\u00e9cifique herrissons, dans l&#039;Essonne (91)\",\"publisher\":{\"@id\":\"https:\/\/millepiquants.fr\/#organization\"},\"potentialAction\":[{\"@type\":\"SearchAction\",\"target\":{\"@type\":\"EntryPoint\",\"urlTemplate\":\"https:\/\/millepiquants.fr\/?s={search_term_string}\"},\"query-input\":{\"@type\":\"PropertyValueSpecification\",\"valueRequired\":true,\"valueName\":\"search_term_string\"}}],\"inLanguage\":\"fr-FR\"},{\"@type\":\"Organization\",\"@id\":\"https:\/\/millepiquants.fr\/#organization\",\"name\":\"Mille Piquants\",\"url\":\"https:\/\/millepiquants.fr\/\",\"logo\":{\"@type\":\"ImageObject\",\"inLanguage\":\"fr-FR\",\"@id\":\"https:\/\/millepiquants.fr\/#\/schema\/logo\/image\/\",\"url\":\"http:\/\/millepiquants.fr\/wp-content\/uploads\/2021\/08\/Marjo-Original18-190x190-trans.png\",\"contentUrl\":\"http:\/\/millepiquants.fr\/wp-content\/uploads\/2021\/08\/Marjo-Original18-190x190-trans.png\",\"width\":190,\"height\":190,\"caption\":\"Mille Piquants\"},\"image\":{\"@id\":\"https:\/\/millepiquants.fr\/#\/schema\/logo\/image\/\"}}]}<\/script>\n<!-- \/ Yoast SEO plugin. -->","yoast_head_json":{"title":"Conf\u00e9rence Internationale des Soigneurs de H\u00e9rissons - Mille Piquants","robots":{"index":"index","follow":"follow","max-snippet":"max-snippet:-1","max-image-preview":"max-image-preview:large","max-video-preview":"max-video-preview:-1"},"canonical":"https:\/\/millepiquants.fr\/index.php\/conference-internationale-des-soigneurs-de-herissons\/","og_locale":"fr_FR","og_type":"article","og_title":"Conf\u00e9rence Internationale des Soigneurs de H\u00e9rissons - Mille Piquants","og_description":"International Conference for Hedgehog Rehabilitators &#8211; Conference Abstract Book 2024 Conf\u00e9rence Internationale des Soignants du H\u00e9risson &#8211; R\u00e9sum\u00e9s de la Conf\u00e9rence 2024(Traduction automatique par Google. Mille Piquants n&rsquo;est pas responsable de la variabilit\u00e9 de la traduction) &#8211; Cordialement, Nicholas.","og_url":"https:\/\/millepiquants.fr\/index.php\/conference-internationale-des-soigneurs-de-herissons\/","og_site_name":"Mille Piquants","article_modified_time":"2024-01-17T11:57:24+00:00","og_image":[{"width":717,"height":877,"url":"http:\/\/millepiquants.fr\/wp-content\/uploads\/2024\/01\/Conference-Logo.jpg","type":"image\/jpeg"}],"twitter_card":"summary_large_image","twitter_misc":{"Dur\u00e9e de lecture estim\u00e9e":"1 minute"},"schema":{"@context":"https:\/\/schema.org","@graph":[{"@type":"WebPage","@id":"https:\/\/millepiquants.fr\/index.php\/conference-internationale-des-soigneurs-de-herissons\/","url":"https:\/\/millepiquants.fr\/index.php\/conference-internationale-des-soigneurs-de-herissons\/","name":"Conf\u00e9rence Internationale des Soigneurs de H\u00e9rissons - Mille Piquants","isPartOf":{"@id":"https:\/\/millepiquants.fr\/#website"},"primaryImageOfPage":{"@id":"https:\/\/millepiquants.fr\/index.php\/conference-internationale-des-soigneurs-de-herissons\/#primaryimage"},"image":{"@id":"https:\/\/millepiquants.fr\/index.php\/conference-internationale-des-soigneurs-de-herissons\/#primaryimage"},"thumbnailUrl":"https:\/\/millepiquants.fr\/wp-content\/uploads\/2024\/01\/Conference-Logo.jpg","datePublished":"2024-01-15T10:06:08+00:00","dateModified":"2024-01-17T11:57:24+00:00","breadcrumb":{"@id":"https:\/\/millepiquants.fr\/index.php\/conference-internationale-des-soigneurs-de-herissons\/#breadcrumb"},"inLanguage":"fr-FR","potentialAction":[{"@type":"ReadAction","target":["https:\/\/millepiquants.fr\/index.php\/conference-internationale-des-soigneurs-de-herissons\/"]}]},{"@type":"ImageObject","inLanguage":"fr-FR","@id":"https:\/\/millepiquants.fr\/index.php\/conference-internationale-des-soigneurs-de-herissons\/#primaryimage","url":"https:\/\/millepiquants.fr\/wp-content\/uploads\/2024\/01\/Conference-Logo.jpg","contentUrl":"https:\/\/millepiquants.fr\/wp-content\/uploads\/2024\/01\/Conference-Logo.jpg","width":717,"height":877},{"@type":"BreadcrumbList","@id":"https:\/\/millepiquants.fr\/index.php\/conference-internationale-des-soigneurs-de-herissons\/#breadcrumb","itemListElement":[{"@type":"ListItem","position":1,"name":"Home","item":"https:\/\/millepiquants.fr\/"},{"@type":"ListItem","position":2,"name":"Conf\u00e9rence Internationale des Soigneurs de H\u00e9rissons"}]},{"@type":"WebSite","@id":"https:\/\/millepiquants.fr\/#website","url":"https:\/\/millepiquants.fr\/","name":"Mille Piquants","description":"Un centre de sauvegarde sp\u00e9cifique herrissons, dans l&#039;Essonne (91)","publisher":{"@id":"https:\/\/millepiquants.fr\/#organization"},"potentialAction":[{"@type":"SearchAction","target":{"@type":"EntryPoint","urlTemplate":"https:\/\/millepiquants.fr\/?s={search_term_string}"},"query-input":{"@type":"PropertyValueSpecification","valueRequired":true,"valueName":"search_term_string"}}],"inLanguage":"fr-FR"},{"@type":"Organization","@id":"https:\/\/millepiquants.fr\/#organization","name":"Mille Piquants","url":"https:\/\/millepiquants.fr\/","logo":{"@type":"ImageObject","inLanguage":"fr-FR","@id":"https:\/\/millepiquants.fr\/#\/schema\/logo\/image\/","url":"http:\/\/millepiquants.fr\/wp-content\/uploads\/2021\/08\/Marjo-Original18-190x190-trans.png","contentUrl":"http:\/\/millepiquants.fr\/wp-content\/uploads\/2021\/08\/Marjo-Original18-190x190-trans.png","width":190,"height":190,"caption":"Mille Piquants"},"image":{"@id":"https:\/\/millepiquants.fr\/#\/schema\/logo\/image\/"}}]}},"_links":{"self":[{"href":"https:\/\/millepiquants.fr\/index.php\/wp-json\/wp\/v2\/pages\/2930","targetHints":{"allow":["GET"]}}],"collection":[{"href":"https:\/\/millepiquants.fr\/index.php\/wp-json\/wp\/v2\/pages"}],"about":[{"href":"https:\/\/millepiquants.fr\/index.php\/wp-json\/wp\/v2\/types\/page"}],"author":[{"embeddable":true,"href":"https:\/\/millepiquants.fr\/index.php\/wp-json\/wp\/v2\/users\/1"}],"replies":[{"embeddable":true,"href":"https:\/\/millepiquants.fr\/index.php\/wp-json\/wp\/v2\/comments?post=2930"}],"version-history":[{"count":7,"href":"https:\/\/millepiquants.fr\/index.php\/wp-json\/wp\/v2\/pages\/2930\/revisions"}],"predecessor-version":[{"id":2947,"href":"https:\/\/millepiquants.fr\/index.php\/wp-json\/wp\/v2\/pages\/2930\/revisions\/2947"}],"wp:featuredmedia":[{"embeddable":true,"href":"https:\/\/millepiquants.fr\/index.php\/wp-json\/wp\/v2\/media\/2938"}],"wp:attachment":[{"href":"https:\/\/millepiquants.fr\/index.php\/wp-json\/wp\/v2\/media?parent=2930"}],"curies":[{"name":"wp","href":"https:\/\/api.w.org\/{rel}","templated":true}]}}