{"id":39,"date":"2019-06-19T19:46:28","date_gmt":"2019-06-19T17:46:28","guid":{"rendered":"http:\/\/lesptitskipik.fr\/?page_id=39"},"modified":"2025-10-06T10:35:45","modified_gmt":"2025-10-06T08:35:45","slug":"notre-equipe","status":"publish","type":"page","link":"https:\/\/millepiquants.fr\/index.php\/notre-equipe\/","title":{"rendered":"Notre Equipe"},"content":{"rendered":"\n<div class=\"wp-block-columns is-layout-flex wp-container-core-columns-is-layout-1 wp-block-columns-is-layout-flex\">\n<div class=\"wp-block-column is-layout-flow wp-block-column-is-layout-flow\">\n<figure class=\"wp-block-image aligncenter size-full has-custom-border is-resized\"><img loading=\"lazy\" decoding=\"async\" width=\"300\" height=\"400\" src=\"https:\/\/millepiquants.fr\/wp-content\/uploads\/2025\/10\/NH-Hog-Website.jpg\" alt=\"\" class=\"wp-image-3142\" style=\"border-radius:0px\" srcset=\"https:\/\/millepiquants.fr\/wp-content\/uploads\/2025\/10\/NH-Hog-Website.jpg 300w, https:\/\/millepiquants.fr\/wp-content\/uploads\/2025\/10\/NH-Hog-Website-225x300.jpg 225w\" sizes=\"auto, (max-width: 300px) 100vw, 300px\" \/><figcaption class=\"wp-element-caption\">Nicholas<\/figcaption><\/figure>\n<\/div>\n\n\n\n<div class=\"wp-block-column is-vertically-aligned-center is-layout-flow wp-block-column-is-layout-flow\">\n<p>Pr\u00e9sident, Capacitaire et Webmaster<br><br>Responsable de l&rsquo;ancien centre de sauvegarde Les P\u2019tits Kipik \u00e0 Vert le Petit pendant 2 ans.<br>Ancien webmaster du site Les P&rsquo;tits Kipik.<\/p>\n<\/div>\n<\/div>\n\n\n\n<div class=\"wp-block-columns is-layout-flex wp-container-core-columns-is-layout-2 wp-block-columns-is-layout-flex\">\n<div class=\"wp-block-column is-layout-flow wp-block-column-is-layout-flow\">\n<figure class=\"wp-block-image aligncenter size-full is-resized\"><img loading=\"lazy\" decoding=\"async\" width=\"300\" height=\"400\" src=\"https:\/\/millepiquants.fr\/wp-content\/uploads\/2025\/10\/KH-Hog-Website.jpg\" alt=\"\" class=\"wp-image-3143\" srcset=\"https:\/\/millepiquants.fr\/wp-content\/uploads\/2025\/10\/KH-Hog-Website.jpg 300w, https:\/\/millepiquants.fr\/wp-content\/uploads\/2025\/10\/KH-Hog-Website-225x300.jpg 225w\" sizes=\"auto, (max-width: 300px) 100vw, 300px\" \/><figcaption class=\"wp-element-caption\">Kirstie<\/figcaption><\/figure>\n<\/div>\n\n\n\n<div class=\"wp-block-column is-vertically-aligned-center is-layout-flow wp-block-column-is-layout-flow\">\n<p>Tr\u00e9sori\u00e8re<\/p>\n<\/div>\n<\/div>\n\n\n\n<div class=\"wp-block-columns is-layout-flex wp-container-core-columns-is-layout-3 wp-block-columns-is-layout-flex\">\n<div class=\"wp-block-column is-layout-flow wp-block-column-is-layout-flow\">\n<figure class=\"wp-block-image aligncenter size-full is-resized\"><img loading=\"lazy\" decoding=\"async\" width=\"300\" height=\"400\" src=\"https:\/\/millepiquants.fr\/wp-content\/uploads\/2025\/10\/Laurence-Hog-Website.jpg\" alt=\"\" class=\"wp-image-3144\" srcset=\"https:\/\/millepiquants.fr\/wp-content\/uploads\/2025\/10\/Laurence-Hog-Website.jpg 300w, https:\/\/millepiquants.fr\/wp-content\/uploads\/2025\/10\/Laurence-Hog-Website-225x300.jpg 225w\" sizes=\"auto, (max-width: 300px) 100vw, 300px\" \/><figcaption class=\"wp-element-caption\">Laurence<\/figcaption><\/figure>\n<\/div>\n\n\n\n<div class=\"wp-block-column is-vertically-aligned-center is-layout-flow wp-block-column-is-layout-flow\">\n<p>Secr\u00e9taire<br>Ancienne secr\u00e9taire des P&rsquo;tits Kipik.<\/p>\n<\/div>\n<\/div>\n\n\n\n<div class=\"wp-block-columns is-layout-flex wp-container-core-columns-is-layout-4 wp-block-columns-is-layout-flex\">\n<div class=\"wp-block-column is-layout-flow wp-block-column-is-layout-flow\">\n<figure class=\"wp-block-image aligncenter size-full has-custom-border is-resized\"><img loading=\"lazy\" decoding=\"async\" width=\"300\" height=\"400\" src=\"https:\/\/millepiquants.fr\/wp-content\/uploads\/2025\/10\/Celine-Hog-Website.jpg\" alt=\"\" class=\"wp-image-3146\" style=\"border-radius:0px\" srcset=\"https:\/\/millepiquants.fr\/wp-content\/uploads\/2025\/10\/Celine-Hog-Website.jpg 300w, https:\/\/millepiquants.fr\/wp-content\/uploads\/2025\/10\/Celine-Hog-Website-225x300.jpg 225w\" sizes=\"auto, (max-width: 300px) 100vw, 300px\" \/><figcaption class=\"wp-element-caption\">C\u00e9line<\/figcaption><\/figure>\n<\/div>\n\n\n\n<div class=\"wp-block-column is-vertically-aligned-center is-layout-flow wp-block-column-is-layout-flow\">\n<p>Responsable communication<\/p>\n\n\n\n<p><\/p>\n\n\n\n<p><\/p>\n<\/div>\n<\/div>\n\n\n\n<div class=\"wp-block-columns is-layout-flex wp-container-core-columns-is-layout-5 wp-block-columns-is-layout-flex\">\n<div class=\"wp-block-column is-layout-flow wp-block-column-is-layout-flow\">\n<figure class=\"wp-block-image aligncenter size-large is-resized\"><a href=\"https:\/\/millepiquants.fr\/index.php\/benevoles-de-mille-piquants\/\"><img loading=\"lazy\" decoding=\"async\" width=\"300\" height=\"400\" src=\"http:\/\/millepiquants.fr\/wp-content\/uploads\/2021\/08\/Helpers.jpg\" alt=\"\" class=\"wp-image-2147\" srcset=\"https:\/\/millepiquants.fr\/wp-content\/uploads\/2021\/08\/Helpers.jpg 300w, https:\/\/millepiquants.fr\/wp-content\/uploads\/2021\/08\/Helpers-225x300.jpg 225w\" sizes=\"auto, (max-width: 300px) 100vw, 300px\" \/><\/a><figcaption class=\"wp-element-caption\"><a href=\"https:\/\/millepiquants.fr\/index.php\/benevoles-de-mille-piquants\/\">B\u00e9n\u00e9voles<\/a><\/figcaption><\/figure>\n<\/div>\n\n\n\n<div class=\"wp-block-column is-vertically-aligned-center is-layout-flow wp-block-column-is-layout-flow\">\n<p>Les <a href=\"https:\/\/millepiquants.fr\/index.php\/benevoles-de-mille-piquants\/\">b\u00e9n\u00e9voles <\/a>de Mille Piquants<\/p>\n\n\n\n<p>Nicole, Didier, Sylvie, Marianne, Fabienne, Patricia, Corinne, Catherine, Nicole, C\u00e9line, Fran\u00e7oise, Sylvie, V\u00e9ronique, Laure-Anne, Christine, Agn\u00e8s, Cathy, Sarah, Florence<\/p>\n<\/div>\n<\/div>\n","protected":false},"excerpt":{"rendered":"<p>Pr\u00e9sident, Capacitaire et Webmaster Responsable de l&rsquo;ancien centre de sauvegarde Les P\u2019tits Kipik \u00e0 Vert le Petit pendant 2 ans.Ancien webmaster du site Les P&rsquo;tits Kipik. Tr\u00e9sori\u00e8re Secr\u00e9taireAncienne secr\u00e9taire des P&rsquo;tits Kipik. Responsable communication Les b\u00e9n\u00e9voles de Mille Piquants Nicole, Didier, Sylvie, Marianne, Fabienne, Patricia, Corinne, Catherine, Nicole, C\u00e9line, Fran\u00e7oise, Sylvie, V\u00e9ronique, Laure-Anne, Christine, Agn\u00e8s, [&hellip;]<\/p>\n","protected":false},"author":1,"featured_media":0,"parent":0,"menu_order":0,"comment_status":"closed","ping_status":"closed","template":"","meta":{"_monsterinsights_skip_tracking":false,"_monsterinsights_sitenote_active":false,"_monsterinsights_sitenote_note":"","_monsterinsights_sitenote_category":0,"footnotes":""},"class_list":["post-39","page","type-page","status-publish","hentry","wpbf-post"],"yoast_head":"<!-- This site is optimized with the Yoast SEO plugin v24.3 - https:\/\/yoast.com\/wordpress\/plugins\/seo\/ -->\n<title>Notre Equipe - Mille Piquants<\/title>\n<meta name=\"description\" content=\"Notre Equipe Nicholas M\u00e9lissa Kirstie Laurence B\u00e9n\u00e9voles\" \/>\n<meta name=\"robots\" content=\"index, follow, max-snippet:-1, max-image-preview:large, max-video-preview:-1\" \/>\n<link rel=\"canonical\" href=\"https:\/\/millepiquants.fr\/index.php\/notre-equipe\/\" \/>\n<meta property=\"og:locale\" content=\"fr_FR\" \/>\n<meta property=\"og:type\" content=\"article\" \/>\n<meta property=\"og:title\" content=\"Notre Equipe - Mille Piquants\" \/>\n<meta property=\"og:description\" content=\"Notre Equipe Nicholas M\u00e9lissa Kirstie Laurence B\u00e9n\u00e9voles\" \/>\n<meta property=\"og:url\" content=\"https:\/\/millepiquants.fr\/index.php\/notre-equipe\/\" \/>\n<meta property=\"og:site_name\" content=\"Mille Piquants\" \/>\n<meta property=\"article:modified_time\" content=\"2025-10-06T08:35:45+00:00\" \/>\n<meta property=\"og:image\" content=\"https:\/\/millepiquants.fr\/wp-content\/uploads\/2025\/10\/NH-Hog-Website.jpg\" \/>\n\t<meta property=\"og:image:width\" content=\"300\" \/>\n\t<meta property=\"og:image:height\" content=\"400\" \/>\n\t<meta property=\"og:image:type\" content=\"image\/jpeg\" \/>\n<meta name=\"twitter:card\" content=\"summary_large_image\" \/>\n<meta name=\"twitter:label1\" content=\"Dur\u00e9e de lecture estim\u00e9e\" \/>\n\t<meta name=\"twitter:data1\" content=\"2 minutes\" \/>\n<script type=\"application\/ld+json\" class=\"yoast-schema-graph\">{\"@context\":\"https:\/\/schema.org\",\"@graph\":[{\"@type\":\"WebPage\",\"@id\":\"https:\/\/millepiquants.fr\/index.php\/notre-equipe\/\",\"url\":\"https:\/\/millepiquants.fr\/index.php\/notre-equipe\/\",\"name\":\"Notre Equipe - Mille Piquants\",\"isPartOf\":{\"@id\":\"https:\/\/millepiquants.fr\/#website\"},\"primaryImageOfPage\":{\"@id\":\"https:\/\/millepiquants.fr\/index.php\/notre-equipe\/#primaryimage\"},\"image\":{\"@id\":\"https:\/\/millepiquants.fr\/index.php\/notre-equipe\/#primaryimage\"},\"thumbnailUrl\":\"https:\/\/millepiquants.fr\/wp-content\/uploads\/2025\/10\/NH-Hog-Website.jpg\",\"datePublished\":\"2019-06-19T17:46:28+00:00\",\"dateModified\":\"2025-10-06T08:35:45+00:00\",\"description\":\"Notre Equipe Nicholas M\u00e9lissa Kirstie Laurence B\u00e9n\u00e9voles\",\"breadcrumb\":{\"@id\":\"https:\/\/millepiquants.fr\/index.php\/notre-equipe\/#breadcrumb\"},\"inLanguage\":\"fr-FR\",\"potentialAction\":[{\"@type\":\"ReadAction\",\"target\":[\"https:\/\/millepiquants.fr\/index.php\/notre-equipe\/\"]}]},{\"@type\":\"ImageObject\",\"inLanguage\":\"fr-FR\",\"@id\":\"https:\/\/millepiquants.fr\/index.php\/notre-equipe\/#primaryimage\",\"url\":\"https:\/\/millepiquants.fr\/wp-content\/uploads\/2025\/10\/NH-Hog-Website.jpg\",\"contentUrl\":\"https:\/\/millepiquants.fr\/wp-content\/uploads\/2025\/10\/NH-Hog-Website.jpg\",\"width\":300,\"height\":400},{\"@type\":\"BreadcrumbList\",\"@id\":\"https:\/\/millepiquants.fr\/index.php\/notre-equipe\/#breadcrumb\",\"itemListElement\":[{\"@type\":\"ListItem\",\"position\":1,\"name\":\"Home\",\"item\":\"https:\/\/millepiquants.fr\/\"},{\"@type\":\"ListItem\",\"position\":2,\"name\":\"Notre Equipe\"}]},{\"@type\":\"WebSite\",\"@id\":\"https:\/\/millepiquants.fr\/#website\",\"url\":\"https:\/\/millepiquants.fr\/\",\"name\":\"Mille Piquants\",\"description\":\"Un centre de sauvegarde sp\u00e9cifique herrissons, dans l&#039;Essonne (91)\",\"publisher\":{\"@id\":\"https:\/\/millepiquants.fr\/#organization\"},\"potentialAction\":[{\"@type\":\"SearchAction\",\"target\":{\"@type\":\"EntryPoint\",\"urlTemplate\":\"https:\/\/millepiquants.fr\/?s={search_term_string}\"},\"query-input\":{\"@type\":\"PropertyValueSpecification\",\"valueRequired\":true,\"valueName\":\"search_term_string\"}}],\"inLanguage\":\"fr-FR\"},{\"@type\":\"Organization\",\"@id\":\"https:\/\/millepiquants.fr\/#organization\",\"name\":\"Mille Piquants\",\"url\":\"https:\/\/millepiquants.fr\/\",\"logo\":{\"@type\":\"ImageObject\",\"inLanguage\":\"fr-FR\",\"@id\":\"https:\/\/millepiquants.fr\/#\/schema\/logo\/image\/\",\"url\":\"http:\/\/millepiquants.fr\/wp-content\/uploads\/2021\/08\/Marjo-Original18-190x190-trans.png\",\"contentUrl\":\"http:\/\/millepiquants.fr\/wp-content\/uploads\/2021\/08\/Marjo-Original18-190x190-trans.png\",\"width\":190,\"height\":190,\"caption\":\"Mille Piquants\"},\"image\":{\"@id\":\"https:\/\/millepiquants.fr\/#\/schema\/logo\/image\/\"}}]}<\/script>\n<!-- \/ Yoast SEO plugin. -->","yoast_head_json":{"title":"Notre Equipe - Mille Piquants","description":"Notre Equipe Nicholas M\u00e9lissa Kirstie Laurence B\u00e9n\u00e9voles","robots":{"index":"index","follow":"follow","max-snippet":"max-snippet:-1","max-image-preview":"max-image-preview:large","max-video-preview":"max-video-preview:-1"},"canonical":"https:\/\/millepiquants.fr\/index.php\/notre-equipe\/","og_locale":"fr_FR","og_type":"article","og_title":"Notre Equipe - Mille Piquants","og_description":"Notre Equipe Nicholas M\u00e9lissa Kirstie Laurence B\u00e9n\u00e9voles","og_url":"https:\/\/millepiquants.fr\/index.php\/notre-equipe\/","og_site_name":"Mille Piquants","article_modified_time":"2025-10-06T08:35:45+00:00","og_image":[{"width":300,"height":400,"url":"https:\/\/millepiquants.fr\/wp-content\/uploads\/2025\/10\/NH-Hog-Website.jpg","type":"image\/jpeg"}],"twitter_card":"summary_large_image","twitter_misc":{"Dur\u00e9e de lecture estim\u00e9e":"2 minutes"},"schema":{"@context":"https:\/\/schema.org","@graph":[{"@type":"WebPage","@id":"https:\/\/millepiquants.fr\/index.php\/notre-equipe\/","url":"https:\/\/millepiquants.fr\/index.php\/notre-equipe\/","name":"Notre Equipe - Mille Piquants","isPartOf":{"@id":"https:\/\/millepiquants.fr\/#website"},"primaryImageOfPage":{"@id":"https:\/\/millepiquants.fr\/index.php\/notre-equipe\/#primaryimage"},"image":{"@id":"https:\/\/millepiquants.fr\/index.php\/notre-equipe\/#primaryimage"},"thumbnailUrl":"https:\/\/millepiquants.fr\/wp-content\/uploads\/2025\/10\/NH-Hog-Website.jpg","datePublished":"2019-06-19T17:46:28+00:00","dateModified":"2025-10-06T08:35:45+00:00","description":"Notre Equipe Nicholas M\u00e9lissa Kirstie Laurence B\u00e9n\u00e9voles","breadcrumb":{"@id":"https:\/\/millepiquants.fr\/index.php\/notre-equipe\/#breadcrumb"},"inLanguage":"fr-FR","potentialAction":[{"@type":"ReadAction","target":["https:\/\/millepiquants.fr\/index.php\/notre-equipe\/"]}]},{"@type":"ImageObject","inLanguage":"fr-FR","@id":"https:\/\/millepiquants.fr\/index.php\/notre-equipe\/#primaryimage","url":"https:\/\/millepiquants.fr\/wp-content\/uploads\/2025\/10\/NH-Hog-Website.jpg","contentUrl":"https:\/\/millepiquants.fr\/wp-content\/uploads\/2025\/10\/NH-Hog-Website.jpg","width":300,"height":400},{"@type":"BreadcrumbList","@id":"https:\/\/millepiquants.fr\/index.php\/notre-equipe\/#breadcrumb","itemListElement":[{"@type":"ListItem","position":1,"name":"Home","item":"https:\/\/millepiquants.fr\/"},{"@type":"ListItem","position":2,"name":"Notre Equipe"}]},{"@type":"WebSite","@id":"https:\/\/millepiquants.fr\/#website","url":"https:\/\/millepiquants.fr\/","name":"Mille Piquants","description":"Un centre de sauvegarde sp\u00e9cifique herrissons, dans l&#039;Essonne (91)","publisher":{"@id":"https:\/\/millepiquants.fr\/#organization"},"potentialAction":[{"@type":"SearchAction","target":{"@type":"EntryPoint","urlTemplate":"https:\/\/millepiquants.fr\/?s={search_term_string}"},"query-input":{"@type":"PropertyValueSpecification","valueRequired":true,"valueName":"search_term_string"}}],"inLanguage":"fr-FR"},{"@type":"Organization","@id":"https:\/\/millepiquants.fr\/#organization","name":"Mille Piquants","url":"https:\/\/millepiquants.fr\/","logo":{"@type":"ImageObject","inLanguage":"fr-FR","@id":"https:\/\/millepiquants.fr\/#\/schema\/logo\/image\/","url":"http:\/\/millepiquants.fr\/wp-content\/uploads\/2021\/08\/Marjo-Original18-190x190-trans.png","contentUrl":"http:\/\/millepiquants.fr\/wp-content\/uploads\/2021\/08\/Marjo-Original18-190x190-trans.png","width":190,"height":190,"caption":"Mille Piquants"},"image":{"@id":"https:\/\/millepiquants.fr\/#\/schema\/logo\/image\/"}}]}},"_links":{"self":[{"href":"https:\/\/millepiquants.fr\/index.php\/wp-json\/wp\/v2\/pages\/39","targetHints":{"allow":["GET"]}}],"collection":[{"href":"https:\/\/millepiquants.fr\/index.php\/wp-json\/wp\/v2\/pages"}],"about":[{"href":"https:\/\/millepiquants.fr\/index.php\/wp-json\/wp\/v2\/types\/page"}],"author":[{"embeddable":true,"href":"https:\/\/millepiquants.fr\/index.php\/wp-json\/wp\/v2\/users\/1"}],"replies":[{"embeddable":true,"href":"https:\/\/millepiquants.fr\/index.php\/wp-json\/wp\/v2\/comments?post=39"}],"version-history":[{"count":34,"href":"https:\/\/millepiquants.fr\/index.php\/wp-json\/wp\/v2\/pages\/39\/revisions"}],"predecessor-version":[{"id":3147,"href":"https:\/\/millepiquants.fr\/index.php\/wp-json\/wp\/v2\/pages\/39\/revisions\/3147"}],"wp:attachment":[{"href":"https:\/\/millepiquants.fr\/index.php\/wp-json\/wp\/v2\/media?parent=39"}],"curies":[{"name":"wp","href":"https:\/\/api.w.org\/{rel}","templated":true}]}}