{"id":585,"date":"2019-08-10T19:29:51","date_gmt":"2019-08-10T17:29:51","guid":{"rendered":"http:\/\/lesptitskipik.fr\/?page_id=585"},"modified":"2019-08-10T19:29:51","modified_gmt":"2019-08-10T17:29:51","slug":"points-de-relacher","status":"publish","type":"page","link":"https:\/\/millepiquants.fr\/index.php\/points-de-relacher\/","title":{"rendered":"Points de Rel\u00e2cher"},"content":{"rendered":"\n<div class=\"wp-block-image\"><figure class=\"aligncenter\"><a href=\"https:\/\/drive.google.com\/open?id=1v_QkGrDToyHg3wQc0i4wrJ2PUPb-XksDAL47hBsAyMQ\"><img loading=\"lazy\" decoding=\"async\" width=\"1024\" height=\"768\" src=\"http:\/\/lesptitskipik.fr\/wp-content\/uploads\/2019\/09\/Annonce3-1024x768.jpg\" alt=\"\" class=\"wp-image-724\" srcset=\"https:\/\/millepiquants.fr\/wp-content\/uploads\/2019\/09\/Annonce3-1024x768.jpg 1024w, https:\/\/millepiquants.fr\/wp-content\/uploads\/2019\/09\/Annonce3-300x225.jpg 300w, https:\/\/millepiquants.fr\/wp-content\/uploads\/2019\/09\/Annonce3-768x576.jpg 768w, https:\/\/millepiquants.fr\/wp-content\/uploads\/2019\/09\/Annonce3-1536x1152.jpg 1536w, https:\/\/millepiquants.fr\/wp-content\/uploads\/2019\/09\/Annonce3.jpg 1600w\" sizes=\"auto, (max-width: 1024px) 100vw, 1024px\" \/><\/a><\/figure><\/div>\n\n\n<p>Nous avons beaucoup de h\u00e9rissons en soin au centre, h\u00e9rissons qu&rsquo;il faut ensuite rel\u00e2cher dans les meilleures conditions possibles.<br \/>Il n&rsquo;est malheureusement pas toujours possible de les rel\u00e2cher l\u00e0 o\u00f9 ils ont \u00e9t\u00e9 trouv\u00e9s. <br \/>Nous cherchons donc des jardins accueillants pour rel\u00e2cher les h\u00e9rissons soign\u00e9s au centre&#8230;\ud83e\udd94 \ud83e\udd94\ud83e\udd94<br \/>Alors : <\/p>\n\n\n<ul class=\"wp-block-list\"><li>si vous habitez \u00e0 <strong>Vert le Petit<\/strong> (91) ou \u00e0 moins de 5 km<\/li><li>si vous avez un grand jardin pas enti\u00e8rement clos (il faut que les h\u00e9rissons puissent en sortir facilement)<\/li><li>proche des bois, friches, champs&#8230;<\/li><li>\u00e9loign\u00e9 des grands axes routiers ou routes \u00e0 fort trafic<\/li><li>si votre jardin n&rsquo;est pas \u00ab\u00a0nu et aseptis\u00e9\u00a0\u00bb et se compose de beaucoup de haies, buissons, arbustes, coins sauvages \ud83c\udf43\ud83c\udf3f&#8230; et avec des feuilles mortes \ud83c\udf42\ud83c\udf41<\/li><li>si vous ou votre voisin n\u2019avez pas de tondeuse robot et ne r\u00e9pandez pas du tue-limaces dans le jardin ou autre poisons (pesticides, mort aux rats&#8230;) \u2622\ufe0f<\/li><li>si vous n&rsquo;avez pas de chien qui chasse, mord ou tue les h\u00e9rissons (idem pour vos voisins) \ud83d\udc15<\/li><li>si vous n\u2019avez pas de blaireau qui a \u00e9lu domicile \u00e0 c\u00f4t\u00e9 de chez vous, \ud83e\udda1<\/li><li>si en plus vous n&rsquo;avez pas piscine dans laquelle les h\u00e9rissons risquent de tomber et se noyer, mais au contraire une petite mare ou  bassin \u00e0 pente douce&#8230; \ud83d\udca6 <\/li><li>si vous \u00eatre pr\u00eat \u00e0 construire un petit abri et un r\u00e9fectoire pour les h\u00e9rissons (pour \u00e9viter de nourrir tous les chats du quartier !) \ud83d\udee0<\/li><\/ul>\n\n\n<p>Alors&#8230;veuillez cliquer sur l&rsquo;image ci-dessus et remplir un <a href=\"https:\/\/drive.google.com\/open?id=1v_QkGrDToyHg3wQc0i4wrJ2PUPb-XksDAL47hBsAyMQ\">petit questionnaire<\/a> pour nous contacter.<\/p>\n\n\n<div class=\"wp-block-image\"><figure class=\"aligncenter size-large\"><img loading=\"lazy\" decoding=\"async\" width=\"150\" height=\"137\" src=\"http:\/\/lesptitskipik.fr\/wp-content\/uploads\/2020\/03\/sondage_sm.png\" alt=\"\" class=\"wp-image-1815\"\/><\/figure><\/div>\n\n\n<p>\u26a0\ufe0f Attention ! Ces animaux sont des animaux sauvages : il faudra limiter au maximum le contact avec eux (juste remplir les gamelles), et leur assurer la tranquillit\u00e9 et le calme. Il est hors de question d&rsquo;en faire des animaux domestiques, de les caresser ou de les retenir captifs.  \u26a0\ufe0f<\/p>\n","protected":false},"excerpt":{"rendered":"<p>Nous avons beaucoup de h\u00e9rissons en soin au centre, h\u00e9rissons qu&rsquo;il faut ensuite rel\u00e2cher dans les meilleures conditions possibles.Il n&rsquo;est malheureusement pas toujours possible de les rel\u00e2cher l\u00e0 o\u00f9 ils ont \u00e9t\u00e9 trouv\u00e9s. Nous cherchons donc des jardins accueillants pour rel\u00e2cher les h\u00e9rissons soign\u00e9s au centre&#8230;\ud83e\udd94 \ud83e\udd94\ud83e\udd94Alors : si vous habitez \u00e0 Vert le Petit [&hellip;]<\/p>\n","protected":false},"author":1,"featured_media":0,"parent":0,"menu_order":0,"comment_status":"closed","ping_status":"closed","template":"","meta":{"_monsterinsights_skip_tracking":false,"_monsterinsights_sitenote_active":false,"_monsterinsights_sitenote_note":"","_monsterinsights_sitenote_category":0,"footnotes":""},"class_list":["post-585","page","type-page","status-publish","hentry","wpbf-post"],"yoast_head":"<!-- This site is optimized with the Yoast SEO plugin v24.3 - https:\/\/yoast.com\/wordpress\/plugins\/seo\/ -->\n<title>Points de Rel\u00e2cher - Mille Piquants<\/title>\n<meta name=\"description\" content=\"Nous cherchons des jardins accueillants pour rel\u00e2cher les h\u00e9rissons soign\u00e9s au centre.\" \/>\n<meta name=\"robots\" content=\"index, follow, max-snippet:-1, max-image-preview:large, max-video-preview:-1\" \/>\n<link rel=\"canonical\" href=\"https:\/\/millepiquants.fr\/index.php\/points-de-relacher\/\" \/>\n<meta property=\"og:locale\" content=\"fr_FR\" \/>\n<meta property=\"og:type\" content=\"article\" \/>\n<meta property=\"og:title\" content=\"Points de Rel\u00e2cher - Mille Piquants\" \/>\n<meta property=\"og:description\" content=\"Nous cherchons des jardins accueillants pour rel\u00e2cher les h\u00e9rissons soign\u00e9s au centre.\" \/>\n<meta property=\"og:url\" content=\"https:\/\/millepiquants.fr\/index.php\/points-de-relacher\/\" \/>\n<meta property=\"og:site_name\" content=\"Mille Piquants\" \/>\n<meta property=\"og:image\" content=\"http:\/\/lesptitskipik.fr\/wp-content\/uploads\/2019\/09\/Annonce3-1024x768.jpg\" \/>\n<meta name=\"twitter:card\" content=\"summary_large_image\" \/>\n<meta name=\"twitter:label1\" content=\"Dur\u00e9e de lecture estim\u00e9e\" \/>\n\t<meta name=\"twitter:data1\" content=\"2 minutes\" \/>\n<script type=\"application\/ld+json\" class=\"yoast-schema-graph\">{\"@context\":\"https:\/\/schema.org\",\"@graph\":[{\"@type\":\"WebPage\",\"@id\":\"https:\/\/millepiquants.fr\/index.php\/points-de-relacher\/\",\"url\":\"https:\/\/millepiquants.fr\/index.php\/points-de-relacher\/\",\"name\":\"Points de Rel\u00e2cher - Mille Piquants\",\"isPartOf\":{\"@id\":\"https:\/\/millepiquants.fr\/#website\"},\"primaryImageOfPage\":{\"@id\":\"https:\/\/millepiquants.fr\/index.php\/points-de-relacher\/#primaryimage\"},\"image\":{\"@id\":\"https:\/\/millepiquants.fr\/index.php\/points-de-relacher\/#primaryimage\"},\"thumbnailUrl\":\"http:\/\/lesptitskipik.fr\/wp-content\/uploads\/2019\/09\/Annonce3-1024x768.jpg\",\"datePublished\":\"2019-08-10T17:29:51+00:00\",\"dateModified\":\"2019-08-10T17:29:51+00:00\",\"description\":\"Nous cherchons des jardins accueillants pour rel\u00e2cher les h\u00e9rissons soign\u00e9s au centre.\",\"breadcrumb\":{\"@id\":\"https:\/\/millepiquants.fr\/index.php\/points-de-relacher\/#breadcrumb\"},\"inLanguage\":\"fr-FR\",\"potentialAction\":[{\"@type\":\"ReadAction\",\"target\":[\"https:\/\/millepiquants.fr\/index.php\/points-de-relacher\/\"]}]},{\"@type\":\"ImageObject\",\"inLanguage\":\"fr-FR\",\"@id\":\"https:\/\/millepiquants.fr\/index.php\/points-de-relacher\/#primaryimage\",\"url\":\"http:\/\/lesptitskipik.fr\/wp-content\/uploads\/2019\/09\/Annonce3-1024x768.jpg\",\"contentUrl\":\"http:\/\/lesptitskipik.fr\/wp-content\/uploads\/2019\/09\/Annonce3-1024x768.jpg\"},{\"@type\":\"BreadcrumbList\",\"@id\":\"https:\/\/millepiquants.fr\/index.php\/points-de-relacher\/#breadcrumb\",\"itemListElement\":[{\"@type\":\"ListItem\",\"position\":1,\"name\":\"Home\",\"item\":\"https:\/\/millepiquants.fr\/\"},{\"@type\":\"ListItem\",\"position\":2,\"name\":\"Points de Rel\u00e2cher\"}]},{\"@type\":\"WebSite\",\"@id\":\"https:\/\/millepiquants.fr\/#website\",\"url\":\"https:\/\/millepiquants.fr\/\",\"name\":\"Mille Piquants\",\"description\":\"Un centre de sauvegarde sp\u00e9cifique herrissons, dans l&#039;Essonne (91)\",\"publisher\":{\"@id\":\"https:\/\/millepiquants.fr\/#organization\"},\"potentialAction\":[{\"@type\":\"SearchAction\",\"target\":{\"@type\":\"EntryPoint\",\"urlTemplate\":\"https:\/\/millepiquants.fr\/?s={search_term_string}\"},\"query-input\":{\"@type\":\"PropertyValueSpecification\",\"valueRequired\":true,\"valueName\":\"search_term_string\"}}],\"inLanguage\":\"fr-FR\"},{\"@type\":\"Organization\",\"@id\":\"https:\/\/millepiquants.fr\/#organization\",\"name\":\"Mille Piquants\",\"url\":\"https:\/\/millepiquants.fr\/\",\"logo\":{\"@type\":\"ImageObject\",\"inLanguage\":\"fr-FR\",\"@id\":\"https:\/\/millepiquants.fr\/#\/schema\/logo\/image\/\",\"url\":\"http:\/\/millepiquants.fr\/wp-content\/uploads\/2021\/08\/Marjo-Original18-190x190-trans.png\",\"contentUrl\":\"http:\/\/millepiquants.fr\/wp-content\/uploads\/2021\/08\/Marjo-Original18-190x190-trans.png\",\"width\":190,\"height\":190,\"caption\":\"Mille Piquants\"},\"image\":{\"@id\":\"https:\/\/millepiquants.fr\/#\/schema\/logo\/image\/\"}}]}<\/script>\n<!-- \/ Yoast SEO plugin. -->","yoast_head_json":{"title":"Points de Rel\u00e2cher - Mille Piquants","description":"Nous cherchons des jardins accueillants pour rel\u00e2cher les h\u00e9rissons soign\u00e9s au centre.","robots":{"index":"index","follow":"follow","max-snippet":"max-snippet:-1","max-image-preview":"max-image-preview:large","max-video-preview":"max-video-preview:-1"},"canonical":"https:\/\/millepiquants.fr\/index.php\/points-de-relacher\/","og_locale":"fr_FR","og_type":"article","og_title":"Points de Rel\u00e2cher - Mille Piquants","og_description":"Nous cherchons des jardins accueillants pour rel\u00e2cher les h\u00e9rissons soign\u00e9s au centre.","og_url":"https:\/\/millepiquants.fr\/index.php\/points-de-relacher\/","og_site_name":"Mille Piquants","og_image":[{"url":"http:\/\/lesptitskipik.fr\/wp-content\/uploads\/2019\/09\/Annonce3-1024x768.jpg","type":"","width":"","height":""}],"twitter_card":"summary_large_image","twitter_misc":{"Dur\u00e9e de lecture estim\u00e9e":"2 minutes"},"schema":{"@context":"https:\/\/schema.org","@graph":[{"@type":"WebPage","@id":"https:\/\/millepiquants.fr\/index.php\/points-de-relacher\/","url":"https:\/\/millepiquants.fr\/index.php\/points-de-relacher\/","name":"Points de Rel\u00e2cher - Mille Piquants","isPartOf":{"@id":"https:\/\/millepiquants.fr\/#website"},"primaryImageOfPage":{"@id":"https:\/\/millepiquants.fr\/index.php\/points-de-relacher\/#primaryimage"},"image":{"@id":"https:\/\/millepiquants.fr\/index.php\/points-de-relacher\/#primaryimage"},"thumbnailUrl":"http:\/\/lesptitskipik.fr\/wp-content\/uploads\/2019\/09\/Annonce3-1024x768.jpg","datePublished":"2019-08-10T17:29:51+00:00","dateModified":"2019-08-10T17:29:51+00:00","description":"Nous cherchons des jardins accueillants pour rel\u00e2cher les h\u00e9rissons soign\u00e9s au centre.","breadcrumb":{"@id":"https:\/\/millepiquants.fr\/index.php\/points-de-relacher\/#breadcrumb"},"inLanguage":"fr-FR","potentialAction":[{"@type":"ReadAction","target":["https:\/\/millepiquants.fr\/index.php\/points-de-relacher\/"]}]},{"@type":"ImageObject","inLanguage":"fr-FR","@id":"https:\/\/millepiquants.fr\/index.php\/points-de-relacher\/#primaryimage","url":"http:\/\/lesptitskipik.fr\/wp-content\/uploads\/2019\/09\/Annonce3-1024x768.jpg","contentUrl":"http:\/\/lesptitskipik.fr\/wp-content\/uploads\/2019\/09\/Annonce3-1024x768.jpg"},{"@type":"BreadcrumbList","@id":"https:\/\/millepiquants.fr\/index.php\/points-de-relacher\/#breadcrumb","itemListElement":[{"@type":"ListItem","position":1,"name":"Home","item":"https:\/\/millepiquants.fr\/"},{"@type":"ListItem","position":2,"name":"Points de Rel\u00e2cher"}]},{"@type":"WebSite","@id":"https:\/\/millepiquants.fr\/#website","url":"https:\/\/millepiquants.fr\/","name":"Mille Piquants","description":"Un centre de sauvegarde sp\u00e9cifique herrissons, dans l&#039;Essonne (91)","publisher":{"@id":"https:\/\/millepiquants.fr\/#organization"},"potentialAction":[{"@type":"SearchAction","target":{"@type":"EntryPoint","urlTemplate":"https:\/\/millepiquants.fr\/?s={search_term_string}"},"query-input":{"@type":"PropertyValueSpecification","valueRequired":true,"valueName":"search_term_string"}}],"inLanguage":"fr-FR"},{"@type":"Organization","@id":"https:\/\/millepiquants.fr\/#organization","name":"Mille Piquants","url":"https:\/\/millepiquants.fr\/","logo":{"@type":"ImageObject","inLanguage":"fr-FR","@id":"https:\/\/millepiquants.fr\/#\/schema\/logo\/image\/","url":"http:\/\/millepiquants.fr\/wp-content\/uploads\/2021\/08\/Marjo-Original18-190x190-trans.png","contentUrl":"http:\/\/millepiquants.fr\/wp-content\/uploads\/2021\/08\/Marjo-Original18-190x190-trans.png","width":190,"height":190,"caption":"Mille Piquants"},"image":{"@id":"https:\/\/millepiquants.fr\/#\/schema\/logo\/image\/"}}]}},"_links":{"self":[{"href":"https:\/\/millepiquants.fr\/index.php\/wp-json\/wp\/v2\/pages\/585","targetHints":{"allow":["GET"]}}],"collection":[{"href":"https:\/\/millepiquants.fr\/index.php\/wp-json\/wp\/v2\/pages"}],"about":[{"href":"https:\/\/millepiquants.fr\/index.php\/wp-json\/wp\/v2\/types\/page"}],"author":[{"embeddable":true,"href":"https:\/\/millepiquants.fr\/index.php\/wp-json\/wp\/v2\/users\/1"}],"replies":[{"embeddable":true,"href":"https:\/\/millepiquants.fr\/index.php\/wp-json\/wp\/v2\/comments?post=585"}],"version-history":[{"count":0,"href":"https:\/\/millepiquants.fr\/index.php\/wp-json\/wp\/v2\/pages\/585\/revisions"}],"wp:attachment":[{"href":"https:\/\/millepiquants.fr\/index.php\/wp-json\/wp\/v2\/media?parent=585"}],"curies":[{"name":"wp","href":"https:\/\/api.w.org\/{rel}","templated":true}]}}